{"id":17221,"date":"2025-04-18T18:58:27","date_gmt":"2025-04-18T23:58:27","guid":{"rendered":"https:\/\/tiendaflex.ec\/?post_type=product&#038;p=17221"},"modified":"2025-04-18T18:58:27","modified_gmt":"2025-04-18T23:58:27","slug":"comedor-dali","status":"publish","type":"product","link":"https:\/\/tiendaflex.ec\/en\/product\/comedor-dali\/","title":{"rendered":"Comedor Dal\u00ed"},"content":{"rendered":"","protected":false},"excerpt":{"rendered":"<p>Comedor Dal\u00ed \u2013 Estilo y elegancia personalizada<\/p>\n<p>El comedor Dal\u00ed es la combinaci\u00f3n perfecta de dise\u00f1o y comodidad. Su mesa de madera vista resalta la belleza natural del material, mientras que sus sillas con estructura de madera y asiento y espaldar tapizado ofrecen el m\u00e1ximo confort. Personalizable en tama\u00f1o y color para adaptarse a tu espacio y estilo.<\/p>\n<p>Disponible en TiendaFlex.EC con facilidades de pago<br \/>\n\ud83d\udcde Cont\u00e1ctanos: +593984123231<\/p>","protected":false},"featured_media":17209,"comment_status":"open","ping_status":"closed","template":"","meta":{"_acf_changed":false},"product_brand":[],"product_cat":[587,542],"product_tag":[],"class_list":{"0":"post-17221","1":"product","2":"type-product","3":"status-publish","4":"has-post-thumbnail","6":"product_cat-comedores","7":"product_cat-muebles","9":"first","10":"instock","11":"sale","12":"taxable","13":"shipping-taxable","14":"purchasable","15":"product-type-variable"},"acf":[],"_links":{"self":[{"href":"https:\/\/tiendaflex.ec\/en\/wp-json\/wp\/v2\/product\/17221","targetHints":{"allow":["GET"]}}],"collection":[{"href":"https:\/\/tiendaflex.ec\/en\/wp-json\/wp\/v2\/product"}],"about":[{"href":"https:\/\/tiendaflex.ec\/en\/wp-json\/wp\/v2\/types\/product"}],"replies":[{"embeddable":true,"href":"https:\/\/tiendaflex.ec\/en\/wp-json\/wp\/v2\/comments?post=17221"}],"version-history":[{"count":1,"href":"https:\/\/tiendaflex.ec\/en\/wp-json\/wp\/v2\/product\/17221\/revisions"}],"predecessor-version":[{"id":17225,"href":"https:\/\/tiendaflex.ec\/en\/wp-json\/wp\/v2\/product\/17221\/revisions\/17225"}],"wp:featuredmedia":[{"embeddable":true,"href":"https:\/\/tiendaflex.ec\/en\/wp-json\/wp\/v2\/media\/17209"}],"wp:attachment":[{"href":"https:\/\/tiendaflex.ec\/en\/wp-json\/wp\/v2\/media?parent=17221"}],"wp:term":[{"taxonomy":"product_brand","embeddable":true,"href":"https:\/\/tiendaflex.ec\/en\/wp-json\/wp\/v2\/product_brand?post=17221"},{"taxonomy":"product_cat","embeddable":true,"href":"https:\/\/tiendaflex.ec\/en\/wp-json\/wp\/v2\/product_cat?post=17221"},{"taxonomy":"product_tag","embeddable":true,"href":"https:\/\/tiendaflex.ec\/en\/wp-json\/wp\/v2\/product_tag?post=17221"}],"curies":[{"name":"wp","href":"https:\/\/api.w.org\/{rel}","templated":true}]}}