{"id":17196,"date":"2025-04-18T17:58:27","date_gmt":"2025-04-18T22:58:27","guid":{"rendered":"https:\/\/tiendaflex.ec\/?post_type=product&#038;p=17196"},"modified":"2025-06-25T20:29:19","modified_gmt":"2025-06-26T01:29:19","slug":"comedor-tahoe","status":"publish","type":"product","link":"https:\/\/tiendaflex.ec\/en\/product\/comedor-tahoe\/","title":{"rendered":"COMEDOR TAHOE"},"content":{"rendered":"","protected":false},"excerpt":{"rendered":"<p>\u00a1Transforma tu espacio con el COMEDOR TAHOE! Un conjunto \u00fanico de muebles, perfecto para disfrutar con tu familia o amigos. Con materiales de alta calidad y personalizaci\u00f3n seg\u00fan tus gustos.<\/p>\n<p>Caracter\u00edsticas:<br \/>\nEstructura en Madera Laurel Negro del Oriente \u2013 Robusta y elegante<br \/>\nTratamiento anti-insectos y microorganismos \u2013 Durabilidad garantizada<br \/>\nEsponja de alta densidad \u2013 Mayor confort para un uso prolongado<br \/>\nColor y tipo de tapiz (a elecci\u00f3n del cliente) \u2013 Personaliza tu estilo<br \/>\nColor de la madera (a elecci\u00f3n del cliente) \u2013 Elige el acabado que m\u00e1s te guste<br \/>\nIncluye:<br \/>\n1 Mesa<br \/>\nSillas<br \/>\nMedidas:<br \/>\nMesa:<br \/>\nAlto: 80 cm<br \/>\nAncho: 90 cm<br \/>\nProfundidad: 120 cm<br \/>\nSillas:<br \/>\nAlto: 89 cm<br \/>\nAncho: 52 cm<br \/>\nProfundidad: 60 cm<br \/>\nAlto del asiento: 49 cm<br \/>\n\u00a1Haz de tu comedor un lugar acogedor y sofisticado con el COMEDOR TAHOE! Ideal para cualquier tipo de ambiente.<\/p>\n<p>\ud83d\udcde Cont\u00e1ctanos y haz tu pedido: +593984123231<\/p>","protected":false},"featured_media":17123,"comment_status":"open","ping_status":"closed","template":"","meta":{"_acf_changed":false},"product_brand":[],"product_cat":[587,542],"product_tag":[],"class_list":{"0":"post-17196","1":"product","2":"type-product","3":"status-publish","4":"has-post-thumbnail","6":"product_cat-comedores","7":"product_cat-muebles","9":"first","10":"instock","11":"sale","12":"taxable","13":"shipping-taxable","14":"purchasable","15":"product-type-variable"},"acf":[],"_links":{"self":[{"href":"https:\/\/tiendaflex.ec\/en\/wp-json\/wp\/v2\/product\/17196","targetHints":{"allow":["GET"]}}],"collection":[{"href":"https:\/\/tiendaflex.ec\/en\/wp-json\/wp\/v2\/product"}],"about":[{"href":"https:\/\/tiendaflex.ec\/en\/wp-json\/wp\/v2\/types\/product"}],"replies":[{"embeddable":true,"href":"https:\/\/tiendaflex.ec\/en\/wp-json\/wp\/v2\/comments?post=17196"}],"version-history":[{"count":1,"href":"https:\/\/tiendaflex.ec\/en\/wp-json\/wp\/v2\/product\/17196\/revisions"}],"predecessor-version":[{"id":17200,"href":"https:\/\/tiendaflex.ec\/en\/wp-json\/wp\/v2\/product\/17196\/revisions\/17200"}],"wp:featuredmedia":[{"embeddable":true,"href":"https:\/\/tiendaflex.ec\/en\/wp-json\/wp\/v2\/media\/17123"}],"wp:attachment":[{"href":"https:\/\/tiendaflex.ec\/en\/wp-json\/wp\/v2\/media?parent=17196"}],"wp:term":[{"taxonomy":"product_brand","embeddable":true,"href":"https:\/\/tiendaflex.ec\/en\/wp-json\/wp\/v2\/product_brand?post=17196"},{"taxonomy":"product_cat","embeddable":true,"href":"https:\/\/tiendaflex.ec\/en\/wp-json\/wp\/v2\/product_cat?post=17196"},{"taxonomy":"product_tag","embeddable":true,"href":"https:\/\/tiendaflex.ec\/en\/wp-json\/wp\/v2\/product_tag?post=17196"}],"curies":[{"name":"wp","href":"https:\/\/api.w.org\/{rel}","templated":true}]}}