{"id":17162,"date":"2025-04-18T16:24:11","date_gmt":"2025-04-18T21:24:11","guid":{"rendered":"https:\/\/tiendaflex.ec\/?post_type=product&#038;p=17162"},"modified":"2026-02-25T12:58:07","modified_gmt":"2026-02-25T17:58:07","slug":"kit-de-recortadora-bordeadora-sin-escobillas-one-hp-de-18-v","status":"publish","type":"product","link":"https:\/\/tiendaflex.ec\/en\/product\/kit-de-recortadora-bordeadora-sin-escobillas-one-hp-de-18-v\/","title":{"rendered":"Kit de Recortadora\/Bordeadora sin escobillas ONE+ HP de 18 V"},"content":{"rendered":"","protected":false},"excerpt":{"rendered":"<p>\u00a1Haz que tu jard\u00edn luzca impecable! Con la tecnolog\u00eda ONE+ HP, obtienes 1.5 veces m\u00e1s potencia y hasta 120 minutos de autonom\u00eda con la bater\u00eda incluida.\u00bb<\/p>\n<ul>\n<li>Marca: RYOBI<\/li>\n<\/ul>\n<p>\u00ab\u2699\ufe0f Caracter\u00edsticas destacadas:<br \/>\n\u2022 Tecnolog\u00eda ONE+ HP sin escobillas<br \/>\n\u2022 Franja de corte ajustable: 11\u201d a 13\u201d<br \/>\n\u2022 Cabezal de alimentaci\u00f3n autom\u00e1tica<br \/>\n\u2022 Conversi\u00f3n r\u00e1pida a bordeadora con funci\u00f3n de giro<br \/>\n\u2022 Gatillo de velocidad variable<br \/>\n\u2022 Hasta 2 horas de autonom\u00eda con bater\u00eda de 4.0 Ah incluida<\/p>\n<p>\ud83d\udce6 Incluye:<br \/>\n\u2022 Recortadora\/bordeadora ONE+ HP de 18 V<br \/>\n\u2022 Bater\u00eda de 4.0 Ah ONE+<br \/>\n\u2022 Cargador ONE+ de 18 V<br \/>\n\u2022 Deflector de c\u00e9sped, mango delantero y manual<\/p>\n<p>\ud83d\udcde Cont\u00e1ctanos: +593984123231<\/p>","protected":false},"featured_media":17115,"comment_status":"open","ping_status":"closed","template":"","meta":{"_acf_changed":false},"product_brand":[],"product_cat":[544,625],"product_tag":[],"class_list":{"0":"post-17162","1":"product","2":"type-product","3":"status-publish","4":"has-post-thumbnail","6":"product_cat-agricultura-e-industria","7":"product_cat-desbrozadoras-y-bordeadoras","9":"first","10":"instock","11":"sale","12":"taxable","13":"shipping-taxable","14":"purchasable","15":"product-type-simple"},"acf":[],"_links":{"self":[{"href":"https:\/\/tiendaflex.ec\/en\/wp-json\/wp\/v2\/product\/17162","targetHints":{"allow":["GET"]}}],"collection":[{"href":"https:\/\/tiendaflex.ec\/en\/wp-json\/wp\/v2\/product"}],"about":[{"href":"https:\/\/tiendaflex.ec\/en\/wp-json\/wp\/v2\/types\/product"}],"replies":[{"embeddable":true,"href":"https:\/\/tiendaflex.ec\/en\/wp-json\/wp\/v2\/comments?post=17162"}],"version-history":[{"count":3,"href":"https:\/\/tiendaflex.ec\/en\/wp-json\/wp\/v2\/product\/17162\/revisions"}],"predecessor-version":[{"id":23413,"href":"https:\/\/tiendaflex.ec\/en\/wp-json\/wp\/v2\/product\/17162\/revisions\/23413"}],"wp:featuredmedia":[{"embeddable":true,"href":"https:\/\/tiendaflex.ec\/en\/wp-json\/wp\/v2\/media\/17115"}],"wp:attachment":[{"href":"https:\/\/tiendaflex.ec\/en\/wp-json\/wp\/v2\/media?parent=17162"}],"wp:term":[{"taxonomy":"product_brand","embeddable":true,"href":"https:\/\/tiendaflex.ec\/en\/wp-json\/wp\/v2\/product_brand?post=17162"},{"taxonomy":"product_cat","embeddable":true,"href":"https:\/\/tiendaflex.ec\/en\/wp-json\/wp\/v2\/product_cat?post=17162"},{"taxonomy":"product_tag","embeddable":true,"href":"https:\/\/tiendaflex.ec\/en\/wp-json\/wp\/v2\/product_tag?post=17162"}],"curies":[{"name":"wp","href":"https:\/\/api.w.org\/{rel}","templated":true}]}}