{"id":17145,"date":"2025-04-18T14:02:54","date_gmt":"2025-04-18T19:02:54","guid":{"rendered":"https:\/\/tiendaflex.ec\/?post_type=product&#038;p=17145"},"modified":"2025-04-18T14:02:54","modified_gmt":"2025-04-18T19:02:54","slug":"bench-arezzo","status":"publish","type":"product","link":"https:\/\/tiendaflex.ec\/en\/product\/bench-arezzo\/","title":{"rendered":"Bench Arezzo"},"content":{"rendered":"","protected":false},"excerpt":{"rendered":"<p>Con su dise\u00f1o moderno y funcional, el Bench Arezzo es perfecto para complementar cualquier espacio, ya sea en el recibidor, la sala de estar o como asiento adicional en tu comedor.\u00bb<\/p>\n<p>\u00ab\u2728 Caracter\u00edsticas:<br \/>\n\u2022 Dise\u00f1o contempor\u00e1neo y pr\u00e1ctico<br \/>\n\u2022 Ideal para espacios peque\u00f1os o amplios<br \/>\n\u2022 Materiales resistentes y duraderos<br \/>\n\u2022 Vers\u00e1til en cualquier tipo de decoraci\u00f3n<\/p>\n<p>\ud83d\udccf Medidas:<br \/>\n70 x 34 cm<br \/>\n120 x 34 cm<\/p>\n<p>\ud83d\udcde Cont\u00e1ctanos al: +593984123231<\/p>","protected":false},"featured_media":17130,"comment_status":"open","ping_status":"closed","template":"","meta":{"_acf_changed":false},"product_brand":[],"product_cat":[629,542],"product_tag":[],"class_list":{"0":"post-17145","1":"product","2":"type-product","3":"status-publish","4":"has-post-thumbnail","6":"product_cat-bancos","7":"product_cat-muebles","9":"first","10":"instock","11":"sale","12":"taxable","13":"shipping-taxable","14":"purchasable","15":"product-type-variable"},"acf":[],"_links":{"self":[{"href":"https:\/\/tiendaflex.ec\/en\/wp-json\/wp\/v2\/product\/17145","targetHints":{"allow":["GET"]}}],"collection":[{"href":"https:\/\/tiendaflex.ec\/en\/wp-json\/wp\/v2\/product"}],"about":[{"href":"https:\/\/tiendaflex.ec\/en\/wp-json\/wp\/v2\/types\/product"}],"replies":[{"embeddable":true,"href":"https:\/\/tiendaflex.ec\/en\/wp-json\/wp\/v2\/comments?post=17145"}],"version-history":[{"count":2,"href":"https:\/\/tiendaflex.ec\/en\/wp-json\/wp\/v2\/product\/17145\/revisions"}],"predecessor-version":[{"id":17149,"href":"https:\/\/tiendaflex.ec\/en\/wp-json\/wp\/v2\/product\/17145\/revisions\/17149"}],"wp:featuredmedia":[{"embeddable":true,"href":"https:\/\/tiendaflex.ec\/en\/wp-json\/wp\/v2\/media\/17130"}],"wp:attachment":[{"href":"https:\/\/tiendaflex.ec\/en\/wp-json\/wp\/v2\/media?parent=17145"}],"wp:term":[{"taxonomy":"product_brand","embeddable":true,"href":"https:\/\/tiendaflex.ec\/en\/wp-json\/wp\/v2\/product_brand?post=17145"},{"taxonomy":"product_cat","embeddable":true,"href":"https:\/\/tiendaflex.ec\/en\/wp-json\/wp\/v2\/product_cat?post=17145"},{"taxonomy":"product_tag","embeddable":true,"href":"https:\/\/tiendaflex.ec\/en\/wp-json\/wp\/v2\/product_tag?post=17145"}],"curies":[{"name":"wp","href":"https:\/\/api.w.org\/{rel}","templated":true}]}}