{"id":17085,"date":"2025-04-17T00:04:42","date_gmt":"2025-04-17T05:04:42","guid":{"rendered":"https:\/\/tiendaflex.ec\/?post_type=product&#038;p=17085"},"modified":"2025-04-17T00:04:43","modified_gmt":"2025-04-17T05:04:43","slug":"im150ec-5-2023-igm","status":"publish","type":"product","link":"https:\/\/tiendaflex.ec\/en\/product\/im150ec-5-2023-igm\/","title":{"rendered":"IM150EC-5 &#8211; 2023 IGM"},"content":{"rendered":"","protected":false},"excerpt":{"rendered":"<p>\u00a1La moto ideal para el d\u00eda a d\u00eda y la aventura! Dise\u00f1o resistente, motor potente y excelente rendimiento en cualquier terreno. \u2699\ufe0f\ud83d\udd25\u00bb<\/p>\n<p>\u00ab\ud83d\udd27 Especificaciones T\u00e9cnicas<br \/>\n\u2022 Cilindraje: 149.9 cc Palillo<br \/>\n\u2022 Potencia M\u00e1xima: 11.5 HP @ 9500 RPM<br \/>\n\u2022 Transmisi\u00f3n: Mec\u00e1nica de 5 velocidades<br \/>\n\u2022 Arranque: El\u00e9ctrico y de pedal<br \/>\n\u2022 Enfriamiento por aire<br \/>\n\u2022 Velocidad M\u00e1xima: 95 km\/h<\/p>\n<p>\ud83d\udede Chasis y Suspensi\u00f3n<br \/>\n\u2022 Suspensi\u00f3n delantera telesc\u00f3pica<br \/>\n\u2022 Suspensi\u00f3n trasera: doble amortiguador<br \/>\n\u2022 Llantas:<br \/>\n\u2192 Delantera: 2.75\/18<br \/>\n\u2192 Trasera: 3.00\/18<br \/>\n\u2022 Frenos: Disco delantero \/ Tambor trasero<\/p>\n<p>\ud83d\udee3\ufe0f Uso Mixto<br \/>\n\u2022 70% Asfalto | 30% Lastre<br \/>\n\u2022 Perfecta para ciudad y caminos rurales<\/p>\n<p>\u26fd Tanque de Combustible<br \/>\n\u2022 Capacidad: 2.8 galones<br \/>\n\u2022 Excelente autonom\u00eda y bajo consumo<\/p>\n<p>\ud83d\udcde M\u00e1s info: +593984123231<\/p>","protected":false},"featured_media":17043,"comment_status":"open","ping_status":"closed","template":"","meta":{"_acf_changed":false},"product_brand":[],"product_cat":[561,546],"product_tag":[],"class_list":{"0":"post-17085","1":"product","2":"type-product","3":"status-publish","4":"has-post-thumbnail","6":"product_cat-igm","7":"product_cat-motocicletas","9":"first","10":"instock","11":"sale","12":"taxable","13":"shipping-taxable","14":"purchasable","15":"product-type-variable","16":"has-default-attributes"},"acf":[],"_links":{"self":[{"href":"https:\/\/tiendaflex.ec\/en\/wp-json\/wp\/v2\/product\/17085","targetHints":{"allow":["GET"]}}],"collection":[{"href":"https:\/\/tiendaflex.ec\/en\/wp-json\/wp\/v2\/product"}],"about":[{"href":"https:\/\/tiendaflex.ec\/en\/wp-json\/wp\/v2\/types\/product"}],"replies":[{"embeddable":true,"href":"https:\/\/tiendaflex.ec\/en\/wp-json\/wp\/v2\/comments?post=17085"}],"version-history":[{"count":2,"href":"https:\/\/tiendaflex.ec\/en\/wp-json\/wp\/v2\/product\/17085\/revisions"}],"predecessor-version":[{"id":17092,"href":"https:\/\/tiendaflex.ec\/en\/wp-json\/wp\/v2\/product\/17085\/revisions\/17092"}],"wp:featuredmedia":[{"embeddable":true,"href":"https:\/\/tiendaflex.ec\/en\/wp-json\/wp\/v2\/media\/17043"}],"wp:attachment":[{"href":"https:\/\/tiendaflex.ec\/en\/wp-json\/wp\/v2\/media?parent=17085"}],"wp:term":[{"taxonomy":"product_brand","embeddable":true,"href":"https:\/\/tiendaflex.ec\/en\/wp-json\/wp\/v2\/product_brand?post=17085"},{"taxonomy":"product_cat","embeddable":true,"href":"https:\/\/tiendaflex.ec\/en\/wp-json\/wp\/v2\/product_cat?post=17085"},{"taxonomy":"product_tag","embeddable":true,"href":"https:\/\/tiendaflex.ec\/en\/wp-json\/wp\/v2\/product_tag?post=17085"}],"curies":[{"name":"wp","href":"https:\/\/api.w.org\/{rel}","templated":true}]}}