{"id":17072,"date":"2025-04-16T23:44:29","date_gmt":"2025-04-17T04:44:29","guid":{"rendered":"https:\/\/tiendaflex.ec\/?post_type=product&#038;p=17072"},"modified":"2025-04-16T23:44:30","modified_gmt":"2025-04-17T04:44:30","slug":"cabecero-berlin-chaide-chaide","status":"publish","type":"product","link":"https:\/\/tiendaflex.ec\/en\/product\/cabecero-berlin-chaide-chaide\/","title":{"rendered":"Cabecero BERL\u00cdN \u2013 Chaide &#038; Chaide"},"content":{"rendered":"","protected":false},"excerpt":{"rendered":"<p>Dale a tu dormitorio un toque de distinci\u00f3n con el elegante Cabecero BERL\u00cdN. Su dise\u00f1o sofisticado y acolchado ofrece confort visual y real. Ideal para ambientes modernos y acogedores. \ud83d\udda4\u00bb<\/p>\n<p>\ud83c\udfa8 Estilo elegante y atemporal<br \/>\n\ud83d\udee0\ufe0f F\u00e1cil de instalar<br \/>\n\ud83d\udc8e Calidad garantizada por Chaide &amp; Chaide<\/p>\n<p>\ud83d\udcde M\u00e1s info: +593984123231<\/p>","protected":false},"featured_media":17039,"comment_status":"open","ping_status":"closed","template":"","meta":{"_acf_changed":false},"product_brand":[],"product_cat":[626,542],"product_tag":[],"class_list":{"0":"post-17072","1":"product","2":"type-product","3":"status-publish","4":"has-post-thumbnail","6":"product_cat-cabeceros","7":"product_cat-muebles","9":"first","10":"instock","11":"sale","12":"taxable","13":"shipping-taxable","14":"purchasable","15":"product-type-variable"},"acf":[],"_links":{"self":[{"href":"https:\/\/tiendaflex.ec\/en\/wp-json\/wp\/v2\/product\/17072","targetHints":{"allow":["GET"]}}],"collection":[{"href":"https:\/\/tiendaflex.ec\/en\/wp-json\/wp\/v2\/product"}],"about":[{"href":"https:\/\/tiendaflex.ec\/en\/wp-json\/wp\/v2\/types\/product"}],"replies":[{"embeddable":true,"href":"https:\/\/tiendaflex.ec\/en\/wp-json\/wp\/v2\/comments?post=17072"}],"version-history":[{"count":2,"href":"https:\/\/tiendaflex.ec\/en\/wp-json\/wp\/v2\/product\/17072\/revisions"}],"predecessor-version":[{"id":17078,"href":"https:\/\/tiendaflex.ec\/en\/wp-json\/wp\/v2\/product\/17072\/revisions\/17078"}],"wp:featuredmedia":[{"embeddable":true,"href":"https:\/\/tiendaflex.ec\/en\/wp-json\/wp\/v2\/media\/17039"}],"wp:attachment":[{"href":"https:\/\/tiendaflex.ec\/en\/wp-json\/wp\/v2\/media?parent=17072"}],"wp:term":[{"taxonomy":"product_brand","embeddable":true,"href":"https:\/\/tiendaflex.ec\/en\/wp-json\/wp\/v2\/product_brand?post=17072"},{"taxonomy":"product_cat","embeddable":true,"href":"https:\/\/tiendaflex.ec\/en\/wp-json\/wp\/v2\/product_cat?post=17072"},{"taxonomy":"product_tag","embeddable":true,"href":"https:\/\/tiendaflex.ec\/en\/wp-json\/wp\/v2\/product_tag?post=17072"}],"curies":[{"name":"wp","href":"https:\/\/api.w.org\/{rel}","templated":true}]}}