{"id":16960,"date":"2025-04-14T23:51:07","date_gmt":"2025-04-15T04:51:07","guid":{"rendered":"https:\/\/tiendaflex.ec\/?post_type=product&#038;p=16960"},"modified":"2026-02-01T22:39:13","modified_gmt":"2026-02-02T03:39:13","slug":"im150ec-5-2024-igm","status":"publish","type":"product","link":"https:\/\/tiendaflex.ec\/en\/product\/im150ec-5-2024-igm\/","title":{"rendered":"IM150EC-5 &#8211; 2024 IGM"},"content":{"rendered":"","protected":false},"excerpt":{"rendered":"<p>\u00ab\ud83d\udca5 IGM IM150EC-5 &#8211; 2024 \ud83d\udca5<br \/>\nUna moto econ\u00f3mica, fuerte y vers\u00e1til. Con motor de 150 cc, dise\u00f1o pr\u00e1ctico y perfecta para asfalto o caminos mixtos. \u00a1Tu compa\u00f1era ideal para el d\u00eda a d\u00eda!\u00bb<\/p>\n<p>\u00abDisponible en negro, rojo y azul \u26ab\ud83d\udd34\ud83d\udd35<\/p>\n<p>\ud83d\udd27 Motor: 149.9 cc \/ 11.5 HP<br \/>\n\u2699\ufe0f Transmisi\u00f3n: Mec\u00e1nica 5 velocidades<br \/>\n\ud83d\udca8 Vel. m\u00e1x: 95 km\/h<br \/>\n\ud83d\udd0b Encendido: El\u00e9ctrico y pedal<br \/>\n\ud83d\udede Frenos: Disco delantero \/ tambor trasero<br \/>\n\u26fd Tanque: 2.8 galones<br \/>\n\ud83c\udf2c\ufe0f Enfriamiento: Aire<br \/>\n\ud83c\udf0d Uso: 70% asfalto \/ 30% lastre<\/p>\n<p>\ud83d\udcde Cont\u00e1ctanos: +593984123231<\/p>","protected":false},"featured_media":16899,"comment_status":"open","ping_status":"closed","template":"","meta":{"_acf_changed":false},"product_brand":[],"product_cat":[561,546],"product_tag":[],"class_list":{"0":"post-16960","1":"product","2":"type-product","3":"status-publish","4":"has-post-thumbnail","6":"product_cat-igm","7":"product_cat-motocicletas","9":"first","10":"instock","11":"sale","12":"taxable","13":"shipping-taxable","14":"purchasable","15":"product-type-variable"},"acf":[],"_links":{"self":[{"href":"https:\/\/tiendaflex.ec\/en\/wp-json\/wp\/v2\/product\/16960","targetHints":{"allow":["GET"]}}],"collection":[{"href":"https:\/\/tiendaflex.ec\/en\/wp-json\/wp\/v2\/product"}],"about":[{"href":"https:\/\/tiendaflex.ec\/en\/wp-json\/wp\/v2\/types\/product"}],"replies":[{"embeddable":true,"href":"https:\/\/tiendaflex.ec\/en\/wp-json\/wp\/v2\/comments?post=16960"}],"version-history":[{"count":2,"href":"https:\/\/tiendaflex.ec\/en\/wp-json\/wp\/v2\/product\/16960\/revisions"}],"predecessor-version":[{"id":16965,"href":"https:\/\/tiendaflex.ec\/en\/wp-json\/wp\/v2\/product\/16960\/revisions\/16965"}],"wp:featuredmedia":[{"embeddable":true,"href":"https:\/\/tiendaflex.ec\/en\/wp-json\/wp\/v2\/media\/16899"}],"wp:attachment":[{"href":"https:\/\/tiendaflex.ec\/en\/wp-json\/wp\/v2\/media?parent=16960"}],"wp:term":[{"taxonomy":"product_brand","embeddable":true,"href":"https:\/\/tiendaflex.ec\/en\/wp-json\/wp\/v2\/product_brand?post=16960"},{"taxonomy":"product_cat","embeddable":true,"href":"https:\/\/tiendaflex.ec\/en\/wp-json\/wp\/v2\/product_cat?post=16960"},{"taxonomy":"product_tag","embeddable":true,"href":"https:\/\/tiendaflex.ec\/en\/wp-json\/wp\/v2\/product_tag?post=16960"}],"curies":[{"name":"wp","href":"https:\/\/api.w.org\/{rel}","templated":true}]}}