{"id":16938,"date":"2025-04-14T23:08:56","date_gmt":"2025-04-15T04:08:56","guid":{"rendered":"https:\/\/tiendaflex.ec\/?post_type=product&#038;p=16938"},"modified":"2025-04-15T21:45:54","modified_gmt":"2025-04-16T02:45:54","slug":"im150cr-7-2024-igm","status":"publish","type":"product","link":"https:\/\/tiendaflex.ec\/en\/product\/im150cr-7-2024-igm\/","title":{"rendered":"IM150CR-7 &#8211; 2024 IGM"},"content":{"rendered":"","protected":false},"excerpt":{"rendered":"<p>\u00ab\ud83d\udca5 IGM IM150CR-7 &#8211; 2024 \ud83d\udca5<br \/>\n\u00a1Fuerte, confiable y econ\u00f3mica! La Cross Road 150 es perfecta para el trabajo diario. Con suspensi\u00f3n reforzada y motor eficiente de 149 cc, esta moto est\u00e1 hecha para resistir.\u00bb<\/p>\n<p>\u00abDisponible en rojo, negro y azul \ud83d\udd34\u26ab\ud83d\udd35<\/p>\n<p>\ud83d\udd27 Motor: 4 tiempos, 11.5 HP<br \/>\n\u26fd Sistema de combustible: Carburador<br \/>\n\ud83d\udd25 Torque: 11 Nm @ 7000 RPM<br \/>\n\ud83d\udd0b Encendido el\u00e9ctrico<br \/>\n\ud83c\udf2c\ufe0f Refrigeraci\u00f3n por aire<br \/>\n\ud83d\udee0\ufe0f Ideal para ciudad, carga o campo<\/p>\n<p>\ud83d\udcde Cont\u00e1ctanos: +593984123231<\/p>","protected":false},"featured_media":16913,"comment_status":"open","ping_status":"closed","template":"","meta":{"_acf_changed":false},"product_brand":[],"product_cat":[561,546],"product_tag":[],"class_list":{"0":"post-16938","1":"product","2":"type-product","3":"status-publish","4":"has-post-thumbnail","6":"product_cat-igm","7":"product_cat-motocicletas","9":"first","10":"instock","11":"sale","12":"taxable","13":"shipping-taxable","14":"purchasable","15":"product-type-variable"},"acf":[],"_links":{"self":[{"href":"https:\/\/tiendaflex.ec\/en\/wp-json\/wp\/v2\/product\/16938","targetHints":{"allow":["GET"]}}],"collection":[{"href":"https:\/\/tiendaflex.ec\/en\/wp-json\/wp\/v2\/product"}],"about":[{"href":"https:\/\/tiendaflex.ec\/en\/wp-json\/wp\/v2\/types\/product"}],"replies":[{"embeddable":true,"href":"https:\/\/tiendaflex.ec\/en\/wp-json\/wp\/v2\/comments?post=16938"}],"version-history":[{"count":2,"href":"https:\/\/tiendaflex.ec\/en\/wp-json\/wp\/v2\/product\/16938\/revisions"}],"predecessor-version":[{"id":16943,"href":"https:\/\/tiendaflex.ec\/en\/wp-json\/wp\/v2\/product\/16938\/revisions\/16943"}],"wp:featuredmedia":[{"embeddable":true,"href":"https:\/\/tiendaflex.ec\/en\/wp-json\/wp\/v2\/media\/16913"}],"wp:attachment":[{"href":"https:\/\/tiendaflex.ec\/en\/wp-json\/wp\/v2\/media?parent=16938"}],"wp:term":[{"taxonomy":"product_brand","embeddable":true,"href":"https:\/\/tiendaflex.ec\/en\/wp-json\/wp\/v2\/product_brand?post=16938"},{"taxonomy":"product_cat","embeddable":true,"href":"https:\/\/tiendaflex.ec\/en\/wp-json\/wp\/v2\/product_cat?post=16938"},{"taxonomy":"product_tag","embeddable":true,"href":"https:\/\/tiendaflex.ec\/en\/wp-json\/wp\/v2\/product_tag?post=16938"}],"curies":[{"name":"wp","href":"https:\/\/api.w.org\/{rel}","templated":true}]}}