{"id":16929,"date":"2025-04-14T22:33:59","date_gmt":"2025-04-15T03:33:59","guid":{"rendered":"https:\/\/tiendaflex.ec\/?post_type=product&#038;p=16929"},"modified":"2026-02-25T13:14:18","modified_gmt":"2026-02-25T18:14:18","slug":"llave-de-impacto-sin-escobillas-1-2-ryobi-one-hp-18v","status":"publish","type":"product","link":"https:\/\/tiendaflex.ec\/en\/product\/llave-de-impacto-sin-escobillas-1-2-ryobi-one-hp-18v\/","title":{"rendered":"Llave de Impacto sin Escobillas (1\/2&#8243;\u00bb) &#8211; RYOBI ONE+ HP 18V"},"content":{"rendered":"","protected":false},"excerpt":{"rendered":"<p>M\u00e1xima potencia y precisi\u00f3n en tus manos. Ideal para talleres, mec\u00e1nicos y apasionados del DIY.\u00bb<\/p>\n<ul>\n<li>Marca RYOBI<\/li>\n<\/ul>\n<p>\u00ab\u26a1 Motor sin escobillas = el doble de potencia<br \/>\n\ud83d\udd29 Torque de arranque: hasta 600 ft\/lbs<br \/>\n\ud83d\udd27 Torque de apriete: 450 ft\/lbs<br \/>\n\u2699\ufe0f Modo autom\u00e1tico: evita el apriete excesivo<br \/>\n\ud83d\udca1 Luz LED Tri-Beam: iluminaci\u00f3n precisa<br \/>\n\ud83d\udd01 Yunque con anillo de fricci\u00f3n: cambios r\u00e1pidos de dados<\/p>\n<p>\ud83d\udce6 Incluye: Llave de impacto P262 + manual (bater\u00eda y cargador se venden por separado)<\/p>\n<p>\ud83d\udcde Cont\u00e1ctanos: +593984123231<\/p>","protected":false},"featured_media":16908,"comment_status":"open","ping_status":"closed","template":"","meta":{"_acf_changed":false},"product_brand":[],"product_cat":[544,595],"product_tag":[],"class_list":{"0":"post-16929","1":"product","2":"type-product","3":"status-publish","4":"has-post-thumbnail","6":"product_cat-agricultura-e-industria","7":"product_cat-atornilladores-y-destornilladores","9":"first","10":"instock","11":"sale","12":"taxable","13":"shipping-taxable","14":"purchasable","15":"product-type-simple"},"acf":[],"_links":{"self":[{"href":"https:\/\/tiendaflex.ec\/en\/wp-json\/wp\/v2\/product\/16929","targetHints":{"allow":["GET"]}}],"collection":[{"href":"https:\/\/tiendaflex.ec\/en\/wp-json\/wp\/v2\/product"}],"about":[{"href":"https:\/\/tiendaflex.ec\/en\/wp-json\/wp\/v2\/types\/product"}],"replies":[{"embeddable":true,"href":"https:\/\/tiendaflex.ec\/en\/wp-json\/wp\/v2\/comments?post=16929"}],"version-history":[{"count":3,"href":"https:\/\/tiendaflex.ec\/en\/wp-json\/wp\/v2\/product\/16929\/revisions"}],"predecessor-version":[{"id":23251,"href":"https:\/\/tiendaflex.ec\/en\/wp-json\/wp\/v2\/product\/16929\/revisions\/23251"}],"wp:featuredmedia":[{"embeddable":true,"href":"https:\/\/tiendaflex.ec\/en\/wp-json\/wp\/v2\/media\/16908"}],"wp:attachment":[{"href":"https:\/\/tiendaflex.ec\/en\/wp-json\/wp\/v2\/media?parent=16929"}],"wp:term":[{"taxonomy":"product_brand","embeddable":true,"href":"https:\/\/tiendaflex.ec\/en\/wp-json\/wp\/v2\/product_brand?post=16929"},{"taxonomy":"product_cat","embeddable":true,"href":"https:\/\/tiendaflex.ec\/en\/wp-json\/wp\/v2\/product_cat?post=16929"},{"taxonomy":"product_tag","embeddable":true,"href":"https:\/\/tiendaflex.ec\/en\/wp-json\/wp\/v2\/product_tag?post=16929"}],"curies":[{"name":"wp","href":"https:\/\/api.w.org\/{rel}","templated":true}]}}