{"id":16894,"date":"2025-04-14T21:55:03","date_gmt":"2025-04-15T02:55:03","guid":{"rendered":"https:\/\/tiendaflex.ec\/?post_type=product&#038;p=16894"},"modified":"2025-04-15T21:45:46","modified_gmt":"2025-04-16T02:45:46","slug":"im200vegy-4-2024-igm","status":"publish","type":"product","link":"https:\/\/tiendaflex.ec\/en\/product\/im200vegy-4-2024-igm\/","title":{"rendered":"IM200VEGY-4 &#8211; 2024 IGM"},"content":{"rendered":"","protected":false},"excerpt":{"rendered":"<p>\u00bfBuscas potencia, estilo y econom\u00eda?<\/p>\n<p>La IGM IM200VEGY-4 es tu mejor opci\u00f3n. Con su motor de 200 cc, dise\u00f1o doble prop\u00f3sito y suspensi\u00f3n reforzada, est\u00e1 lista para la ciudad o el campo.<\/p>\n<p>\u00ab\u00bb\u00bbDisponible en negro, rojo y azul, su estilo agresivo y manejo suave te har\u00e1n disfrutar cada kil\u00f3metro.<\/p>\n<p>\ud83d\udd39 Velocidad m\u00e1xima: 125 km\/h<br \/>\n\ud83d\udd39 Consumo: Hasta 110 km por gal\u00f3n<br \/>\n\ud83d\udd39 Arranque: El\u00e9ctrico y pedal<br \/>\n\ud83d\udd39 Frenos: Disco delantero \/ tambor posterior<br \/>\n\ud83d\udd39 Neum\u00e1ticos: 90-90-18 (del.) \/ 110-90-18 (tras.)<\/p>\n<p>\ud83d\udcde Cont\u00e1ctanos: +593984123231<\/p>","protected":false},"featured_media":16904,"comment_status":"open","ping_status":"closed","template":"","meta":{"_acf_changed":false},"product_brand":[],"product_cat":[561,546],"product_tag":[],"class_list":{"0":"post-16894","1":"product","2":"type-product","3":"status-publish","4":"has-post-thumbnail","6":"product_cat-igm","7":"product_cat-motocicletas","9":"first","10":"instock","11":"sale","12":"taxable","13":"shipping-taxable","14":"purchasable","15":"product-type-variable"},"acf":[],"_links":{"self":[{"href":"https:\/\/tiendaflex.ec\/en\/wp-json\/wp\/v2\/product\/16894","targetHints":{"allow":["GET"]}}],"collection":[{"href":"https:\/\/tiendaflex.ec\/en\/wp-json\/wp\/v2\/product"}],"about":[{"href":"https:\/\/tiendaflex.ec\/en\/wp-json\/wp\/v2\/types\/product"}],"replies":[{"embeddable":true,"href":"https:\/\/tiendaflex.ec\/en\/wp-json\/wp\/v2\/comments?post=16894"}],"version-history":[{"count":2,"href":"https:\/\/tiendaflex.ec\/en\/wp-json\/wp\/v2\/product\/16894\/revisions"}],"predecessor-version":[{"id":16921,"href":"https:\/\/tiendaflex.ec\/en\/wp-json\/wp\/v2\/product\/16894\/revisions\/16921"}],"wp:featuredmedia":[{"embeddable":true,"href":"https:\/\/tiendaflex.ec\/en\/wp-json\/wp\/v2\/media\/16904"}],"wp:attachment":[{"href":"https:\/\/tiendaflex.ec\/en\/wp-json\/wp\/v2\/media?parent=16894"}],"wp:term":[{"taxonomy":"product_brand","embeddable":true,"href":"https:\/\/tiendaflex.ec\/en\/wp-json\/wp\/v2\/product_brand?post=16894"},{"taxonomy":"product_cat","embeddable":true,"href":"https:\/\/tiendaflex.ec\/en\/wp-json\/wp\/v2\/product_cat?post=16894"},{"taxonomy":"product_tag","embeddable":true,"href":"https:\/\/tiendaflex.ec\/en\/wp-json\/wp\/v2\/product_tag?post=16894"}],"curies":[{"name":"wp","href":"https:\/\/api.w.org\/{rel}","templated":true}]}}