{"id":16879,"date":"2025-04-11T12:49:45","date_gmt":"2025-04-11T17:49:45","guid":{"rendered":"https:\/\/tiendaflex.ec\/?post_type=product&#038;p=16879"},"modified":"2025-04-15T21:45:46","modified_gmt":"2025-04-16T02:45:46","slug":"im125cb-7d-2024-igm","status":"publish","type":"product","link":"https:\/\/tiendaflex.ec\/en\/product\/im125cb-7d-2024-igm\/","title":{"rendered":"IM125CB-7D \u2013 2024 IGM"},"content":{"rendered":"","protected":false},"excerpt":{"rendered":"<p>La IGM IM125CB-7D es perfecta para quienes buscan una conducci\u00f3n suave, pr\u00e1ctica y econ\u00f3mica. Su dise\u00f1o funcional y motor eficiente la convierten en una gran opci\u00f3n para el uso diario.\u00bb<\/p>\n<p>\u00ab\ud83d\udd27 Especificaciones Generales:<br \/>\n\ud83d\udda4 Color: Negro<br \/>\n\ud83c\udff7\ufe0f Marca: IGM<br \/>\n\ud83d\udcc6 A\u00f1o: 2024<br \/>\n\ud83d\udccc Modelo: IM125CB-7D<br \/>\n\ud83c\udfcd\ufe0f Tipo de Moto: Doble Prop\u00f3sito<br \/>\n\ud83d\udd0b Arranque: El\u00e9ctrico \/ Pedal<\/p>\n<p>\u2699\ufe0f Motor y Rendimiento:<br \/>\n\ud83d\udd38 Cilindraje: 125 CC<br \/>\n\ud83d\udd38 Potencia M\u00e1xima: 10HP @ 8,500 r\/min<br \/>\n\ud83d\udd38 Tipo de Motor: 4 Tiempos \/ Cadenilla<br \/>\n\ud83c\udfc1 Velocidad M\u00e1xima: 100 km\/h<br \/>\n\u26fd Capacidad de Tanque: 3 galones<br \/>\n\ud83d\udd04 Consumo: Hasta 140 km por gal\u00f3n<\/p>\n<p>\ud83d\udcd0 Dimensiones:<br \/>\nAltura: 105 cm<br \/>\nAncho: 70 cm<br \/>\nLargo: 190 cm<\/p>\n<p>\ud83d\udede Frenos y Llantas:<br \/>\n\ud83d\udd39 Frenos:<\/p>\n<p>Delantero: Disco<\/p>\n<p>Posterior: Tambor<br \/>\n\ud83d\udd39 Neum\u00e1ticos:<\/p>\n<p>Delantero: -18<\/p>\n<p>Trasero: 3.00-18<\/p>\n<p>\ud83d\udcde Cont\u00e1ctanos: +593984123231<\/p>","protected":false},"featured_media":16832,"comment_status":"open","ping_status":"closed","template":"","meta":{"_acf_changed":false},"product_brand":[],"product_cat":[561,546],"product_tag":[],"class_list":{"0":"post-16879","1":"product","2":"type-product","3":"status-publish","4":"has-post-thumbnail","6":"product_cat-igm","7":"product_cat-motocicletas","9":"first","10":"instock","11":"sale","12":"taxable","13":"shipping-taxable","14":"purchasable","15":"product-type-variable"},"acf":[],"_links":{"self":[{"href":"https:\/\/tiendaflex.ec\/en\/wp-json\/wp\/v2\/product\/16879","targetHints":{"allow":["GET"]}}],"collection":[{"href":"https:\/\/tiendaflex.ec\/en\/wp-json\/wp\/v2\/product"}],"about":[{"href":"https:\/\/tiendaflex.ec\/en\/wp-json\/wp\/v2\/types\/product"}],"replies":[{"embeddable":true,"href":"https:\/\/tiendaflex.ec\/en\/wp-json\/wp\/v2\/comments?post=16879"}],"version-history":[{"count":2,"href":"https:\/\/tiendaflex.ec\/en\/wp-json\/wp\/v2\/product\/16879\/revisions"}],"predecessor-version":[{"id":16884,"href":"https:\/\/tiendaflex.ec\/en\/wp-json\/wp\/v2\/product\/16879\/revisions\/16884"}],"wp:featuredmedia":[{"embeddable":true,"href":"https:\/\/tiendaflex.ec\/en\/wp-json\/wp\/v2\/media\/16832"}],"wp:attachment":[{"href":"https:\/\/tiendaflex.ec\/en\/wp-json\/wp\/v2\/media?parent=16879"}],"wp:term":[{"taxonomy":"product_brand","embeddable":true,"href":"https:\/\/tiendaflex.ec\/en\/wp-json\/wp\/v2\/product_brand?post=16879"},{"taxonomy":"product_cat","embeddable":true,"href":"https:\/\/tiendaflex.ec\/en\/wp-json\/wp\/v2\/product_cat?post=16879"},{"taxonomy":"product_tag","embeddable":true,"href":"https:\/\/tiendaflex.ec\/en\/wp-json\/wp\/v2\/product_tag?post=16879"}],"curies":[{"name":"wp","href":"https:\/\/api.w.org\/{rel}","templated":true}]}}