{"id":16758,"date":"2025-04-10T22:42:35","date_gmt":"2025-04-11T03:42:35","guid":{"rendered":"https:\/\/tiendaflex.ec\/?post_type=product&#038;p=16758"},"modified":"2025-06-03T23:51:34","modified_gmt":"2025-06-04T04:51:34","slug":"cama-napoles","status":"publish","type":"product","link":"https:\/\/tiendaflex.ec\/en\/product\/cama-napoles\/","title":{"rendered":"Cama N\u00e1poles"},"content":{"rendered":"","protected":false},"excerpt":{"rendered":"<p>Dise\u00f1o elegante, estructura resistente y perfecta para complementar cualquier habitaci\u00f3n. Ideal para quienes buscan confort y durabilidad.\u00bb<\/p>\n<p>\u00ab\u2728 Caracter\u00edsticas destacadas:<br \/>\n\u2705 Estructura robusta y de alta calidad<br \/>\n\u2705 Dise\u00f1o moderno y funcional<br \/>\n\u2705 Acabados elegantes<br \/>\n\u2705 F\u00e1cil de ensamblar<\/p>\n<p>\ud83d\udcde Cont\u00e1ctanos: +593984123231<\/p>","protected":false},"featured_media":16759,"comment_status":"open","ping_status":"closed","template":"","meta":{"_acf_changed":false},"product_brand":[],"product_cat":[563,542],"product_tag":[],"class_list":{"0":"post-16758","1":"product","2":"type-product","3":"status-publish","4":"has-post-thumbnail","6":"product_cat-camas","7":"product_cat-muebles","9":"first","10":"instock","11":"sale","12":"taxable","13":"shipping-taxable","14":"purchasable","15":"product-type-variable"},"acf":[],"_links":{"self":[{"href":"https:\/\/tiendaflex.ec\/en\/wp-json\/wp\/v2\/product\/16758","targetHints":{"allow":["GET"]}}],"collection":[{"href":"https:\/\/tiendaflex.ec\/en\/wp-json\/wp\/v2\/product"}],"about":[{"href":"https:\/\/tiendaflex.ec\/en\/wp-json\/wp\/v2\/types\/product"}],"replies":[{"embeddable":true,"href":"https:\/\/tiendaflex.ec\/en\/wp-json\/wp\/v2\/comments?post=16758"}],"version-history":[{"count":4,"href":"https:\/\/tiendaflex.ec\/en\/wp-json\/wp\/v2\/product\/16758\/revisions"}],"predecessor-version":[{"id":16767,"href":"https:\/\/tiendaflex.ec\/en\/wp-json\/wp\/v2\/product\/16758\/revisions\/16767"}],"wp:featuredmedia":[{"embeddable":true,"href":"https:\/\/tiendaflex.ec\/en\/wp-json\/wp\/v2\/media\/16759"}],"wp:attachment":[{"href":"https:\/\/tiendaflex.ec\/en\/wp-json\/wp\/v2\/media?parent=16758"}],"wp:term":[{"taxonomy":"product_brand","embeddable":true,"href":"https:\/\/tiendaflex.ec\/en\/wp-json\/wp\/v2\/product_brand?post=16758"},{"taxonomy":"product_cat","embeddable":true,"href":"https:\/\/tiendaflex.ec\/en\/wp-json\/wp\/v2\/product_cat?post=16758"},{"taxonomy":"product_tag","embeddable":true,"href":"https:\/\/tiendaflex.ec\/en\/wp-json\/wp\/v2\/product_tag?post=16758"}],"curies":[{"name":"wp","href":"https:\/\/api.w.org\/{rel}","templated":true}]}}