{"id":16752,"date":"2025-04-10T03:13:04","date_gmt":"2025-04-10T08:13:04","guid":{"rendered":"https:\/\/tiendaflex.ec\/?post_type=product&#038;p=16752"},"modified":"2025-09-09T00:01:56","modified_gmt":"2025-09-09T05:01:56","slug":"lri-17dgr-lavadora-automatica-de-17kg","status":"publish","type":"product","link":"https:\/\/tiendaflex.ec\/en\/product\/lri-17dgr-lavadora-automatica-de-17kg\/","title":{"rendered":"LRI-17DGR Lavadora Autom\u00e1tica de 17kg"},"content":{"rendered":"","protected":false},"excerpt":{"rendered":"<p>Esta lavadora de 17kg de carga superior es perfecta para el hogar, con tecnolog\u00eda anti-enredo y un dispensador multiuso para suavizante, detergente y blanqueador. \u00a1Ahora puedes reutilizar agua y aprovechar al m\u00e1ximo cada ciclo!\u00bb<\/p>\n<ul>\n<li>Marca: INDURAMA<\/li>\n<\/ul>\n<p>\u00abCaracter\u00edsticas destacadas:<br \/>\n\ud83d\udca7 Cuatro niveles de agua y tres opciones de temperatura (fr\u00edo, tibio, caliente)<br \/>\n\ud83c\udf1f Tambor de acero inoxidable con dise\u00f1o tipo diamante para mayor durabilidad<br \/>\n\ud83d\udd14 16 programas de lavado incluyendo Normal, Jeans, Ropa de beb\u00e9, Delicado, S\u00e1banas, y m\u00e1s<br \/>\n\ud83d\udda5 Temporizador digital y bloqueo de panel de funciones para mayor seguridad<br \/>\n\ud83d\udca1 Filtro atrapa pelusas para mantener tu ropa impecable<\/p>\n<p>Especificaciones:<br \/>\n\ud83d\udda4 Color: Croma<br \/>\n\ud83d\udccf Medidas: Alto: 106 cm, Ancho: 60.1 cm, Profundidad: 61.1 cm<\/p>\n<p>\ud83d\udcde Cont\u00e1ctanos: +593984123231<\/p>","protected":false},"featured_media":16753,"comment_status":"open","ping_status":"closed","template":"","meta":{"_acf_changed":false},"product_brand":[],"product_cat":[549,602],"product_tag":[],"class_list":{"0":"post-16752","1":"product","2":"type-product","3":"status-publish","4":"has-post-thumbnail","6":"product_cat-electrodomesticos","7":"product_cat-lavadoras","9":"first","10":"instock","11":"sale","12":"taxable","13":"shipping-taxable","14":"purchasable","15":"product-type-simple"},"acf":[],"_links":{"self":[{"href":"https:\/\/tiendaflex.ec\/en\/wp-json\/wp\/v2\/product\/16752","targetHints":{"allow":["GET"]}}],"collection":[{"href":"https:\/\/tiendaflex.ec\/en\/wp-json\/wp\/v2\/product"}],"about":[{"href":"https:\/\/tiendaflex.ec\/en\/wp-json\/wp\/v2\/types\/product"}],"replies":[{"embeddable":true,"href":"https:\/\/tiendaflex.ec\/en\/wp-json\/wp\/v2\/comments?post=16752"}],"version-history":[{"count":3,"href":"https:\/\/tiendaflex.ec\/en\/wp-json\/wp\/v2\/product\/16752\/revisions"}],"predecessor-version":[{"id":23523,"href":"https:\/\/tiendaflex.ec\/en\/wp-json\/wp\/v2\/product\/16752\/revisions\/23523"}],"wp:featuredmedia":[{"embeddable":true,"href":"https:\/\/tiendaflex.ec\/en\/wp-json\/wp\/v2\/media\/16753"}],"wp:attachment":[{"href":"https:\/\/tiendaflex.ec\/en\/wp-json\/wp\/v2\/media?parent=16752"}],"wp:term":[{"taxonomy":"product_brand","embeddable":true,"href":"https:\/\/tiendaflex.ec\/en\/wp-json\/wp\/v2\/product_brand?post=16752"},{"taxonomy":"product_cat","embeddable":true,"href":"https:\/\/tiendaflex.ec\/en\/wp-json\/wp\/v2\/product_cat?post=16752"},{"taxonomy":"product_tag","embeddable":true,"href":"https:\/\/tiendaflex.ec\/en\/wp-json\/wp\/v2\/product_tag?post=16752"}],"curies":[{"name":"wp","href":"https:\/\/api.w.org\/{rel}","templated":true}]}}