{"id":16723,"date":"2025-04-10T02:35:27","date_gmt":"2025-04-10T07:35:27","guid":{"rendered":"https:\/\/tiendaflex.ec\/?post_type=product&#038;p=16723"},"modified":"2025-09-09T00:14:26","modified_gmt":"2025-09-09T05:14:26","slug":"mwi-30cr-microondas-de-30l","status":"publish","type":"product","link":"https:\/\/tiendaflex.ec\/en\/product\/mwi-30cr-microondas-de-30l\/","title":{"rendered":"MWI-30CR Microondas de 30L"},"content":{"rendered":"","protected":false},"excerpt":{"rendered":"<p>Este microondas, con su elegante color croma, es perfecto para todo tipo de cocci\u00f3n y descongelamiento. Su dise\u00f1o moderno incluye una puerta de vidrio espejo, display LED con reloj y un seguro para ni\u00f1os para mayor seguridad.\u00bb<\/p>\n<ul>\n<li>Marca: INDURAMA<\/li>\n<\/ul>\n<p>\u00abCaracter\u00edsticas destacadas:<br \/>\n\ud83d\udd25 Funciones: Palomitas, Papa al horno, Pizza, Bebidas, Alimentos congelados, Calentar, Cocci\u00f3n y descongelamiento por peso<br \/>\n\ud83d\udca1 Luz amarilla convencional para visibilidad interior<br \/>\n\ud83c\udf7d Plato giratorio para una cocci\u00f3n m\u00e1s uniforme<br \/>\n\ud83d\uddbc Estilo moderno con bot\u00f3n de apertura Push Button<\/p>\n<p>Especificaciones:<br \/>\n\ud83d\udda4 Color: Croma<br \/>\n\ud83d\udccf Medidas: Alto: 33 cm, Ancho: 53 cm, Profundidad: 40 cm<\/p>\n<p>\ud83d\udcde Cont\u00e1ctanos: +593984123231<\/p>","protected":false},"featured_media":16724,"comment_status":"open","ping_status":"closed","template":"","meta":{"_acf_changed":false},"product_brand":[],"product_cat":[549,612],"product_tag":[],"class_list":{"0":"post-16723","1":"product","2":"type-product","3":"status-publish","4":"has-post-thumbnail","6":"product_cat-electrodomesticos","7":"product_cat-microondas","9":"first","10":"instock","11":"sale","12":"taxable","13":"shipping-taxable","14":"purchasable","15":"product-type-simple"},"acf":[],"_links":{"self":[{"href":"https:\/\/tiendaflex.ec\/en\/wp-json\/wp\/v2\/product\/16723","targetHints":{"allow":["GET"]}}],"collection":[{"href":"https:\/\/tiendaflex.ec\/en\/wp-json\/wp\/v2\/product"}],"about":[{"href":"https:\/\/tiendaflex.ec\/en\/wp-json\/wp\/v2\/types\/product"}],"replies":[{"embeddable":true,"href":"https:\/\/tiendaflex.ec\/en\/wp-json\/wp\/v2\/comments?post=16723"}],"version-history":[{"count":4,"href":"https:\/\/tiendaflex.ec\/en\/wp-json\/wp\/v2\/product\/16723\/revisions"}],"predecessor-version":[{"id":23530,"href":"https:\/\/tiendaflex.ec\/en\/wp-json\/wp\/v2\/product\/16723\/revisions\/23530"}],"wp:featuredmedia":[{"embeddable":true,"href":"https:\/\/tiendaflex.ec\/en\/wp-json\/wp\/v2\/media\/16724"}],"wp:attachment":[{"href":"https:\/\/tiendaflex.ec\/en\/wp-json\/wp\/v2\/media?parent=16723"}],"wp:term":[{"taxonomy":"product_brand","embeddable":true,"href":"https:\/\/tiendaflex.ec\/en\/wp-json\/wp\/v2\/product_brand?post=16723"},{"taxonomy":"product_cat","embeddable":true,"href":"https:\/\/tiendaflex.ec\/en\/wp-json\/wp\/v2\/product_cat?post=16723"},{"taxonomy":"product_tag","embeddable":true,"href":"https:\/\/tiendaflex.ec\/en\/wp-json\/wp\/v2\/product_tag?post=16723"}],"curies":[{"name":"wp","href":"https:\/\/api.w.org\/{rel}","templated":true}]}}