{"id":16668,"date":"2025-04-09T01:41:06","date_gmt":"2025-04-09T06:41:06","guid":{"rendered":"https:\/\/tiendaflex.ec\/?post_type=product&#038;p=16668"},"modified":"2026-02-25T14:52:05","modified_gmt":"2026-02-25T19:52:05","slug":"atornillador-de-impacto-compacto-one-hp-18v-ryobi","status":"publish","type":"product","link":"https:\/\/tiendaflex.ec\/en\/product\/atornillador-de-impacto-compacto-one-hp-18v-ryobi\/","title":{"rendered":"Atornillador de Impacto Compacto One+ HP 18V &#8211; Ryobi"},"content":{"rendered":"","protected":false},"excerpt":{"rendered":"<p>Dise\u00f1ado para los que exigen alto rendimiento en espacios reducidos, el atornillador de impacto ONE+ HP de 18V ofrece fuerza, control y durabilidad. Gracias a su motor sin escobillas, disfrutar\u00e1s de un mejor desempe\u00f1o y mayor vida \u00fatil. \u00a1Ideal para proyectos profesionales o de bricolaje!\u00bb<\/p>\n<ul>\n<li>Marca RYOBI<\/li>\n<\/ul>\n<p>\u00ab\ud83d\udd25 Caracter\u00edsticas destacadas: \u2705 Tecnolog\u00eda ONE+ HP de 18 V: Hasta 1700 in-lb de torque<br \/>\n\u2705 Dise\u00f1o compacto (solo 5.3&#8243;\u00bb) y liviano: Perfecto para \u00e1reas de dif\u00edcil acceso y trabajos en altura<br \/>\n\u2705 Gatillo de velocidad variable: Control preciso hasta 2900 RPM<\/p>\n<p>\ud83e\uddf0 Incluye:<\/p>\n<p>* Atornillador de impacto compacto sin escobillas de 18 V<br \/>\n* (2) Bater\u00edas de 1,5 Ah<br \/>\n* Cargador<br \/>\n* Bolsa de herramientas<\/p>\n<p>\ud83d\udcde Cont\u00e1ctanos: +593984123231<\/p>","protected":false},"featured_media":16669,"comment_status":"open","ping_status":"closed","template":"","meta":{"_acf_changed":false},"product_brand":[],"product_cat":[544,595],"product_tag":[],"class_list":{"0":"post-16668","1":"product","2":"type-product","3":"status-publish","4":"has-post-thumbnail","6":"product_cat-agricultura-e-industria","7":"product_cat-atornilladores-y-destornilladores","9":"first","10":"instock","11":"sale","12":"taxable","13":"shipping-taxable","14":"purchasable","15":"product-type-simple"},"acf":[],"_links":{"self":[{"href":"https:\/\/tiendaflex.ec\/en\/wp-json\/wp\/v2\/product\/16668","targetHints":{"allow":["GET"]}}],"collection":[{"href":"https:\/\/tiendaflex.ec\/en\/wp-json\/wp\/v2\/product"}],"about":[{"href":"https:\/\/tiendaflex.ec\/en\/wp-json\/wp\/v2\/types\/product"}],"replies":[{"embeddable":true,"href":"https:\/\/tiendaflex.ec\/en\/wp-json\/wp\/v2\/comments?post=16668"}],"version-history":[{"count":3,"href":"https:\/\/tiendaflex.ec\/en\/wp-json\/wp\/v2\/product\/16668\/revisions"}],"predecessor-version":[{"id":23252,"href":"https:\/\/tiendaflex.ec\/en\/wp-json\/wp\/v2\/product\/16668\/revisions\/23252"}],"wp:featuredmedia":[{"embeddable":true,"href":"https:\/\/tiendaflex.ec\/en\/wp-json\/wp\/v2\/media\/16669"}],"wp:attachment":[{"href":"https:\/\/tiendaflex.ec\/en\/wp-json\/wp\/v2\/media?parent=16668"}],"wp:term":[{"taxonomy":"product_brand","embeddable":true,"href":"https:\/\/tiendaflex.ec\/en\/wp-json\/wp\/v2\/product_brand?post=16668"},{"taxonomy":"product_cat","embeddable":true,"href":"https:\/\/tiendaflex.ec\/en\/wp-json\/wp\/v2\/product_cat?post=16668"},{"taxonomy":"product_tag","embeddable":true,"href":"https:\/\/tiendaflex.ec\/en\/wp-json\/wp\/v2\/product_tag?post=16668"}],"curies":[{"name":"wp","href":"https:\/\/api.w.org\/{rel}","templated":true}]}}