{"id":16652,"date":"2025-04-08T23:55:42","date_gmt":"2025-04-09T04:55:42","guid":{"rendered":"https:\/\/tiendaflex.ec\/?post_type=product&#038;p=16652"},"modified":"2026-02-25T16:23:27","modified_gmt":"2026-02-25T21:23:27","slug":"motosierra-18-ryobi","status":"publish","type":"product","link":"https:\/\/tiendaflex.ec\/en\/product\/motosierra-18-ryobi\/","title":{"rendered":"Motosierra 18&#8243; &#8211; Ryobi"},"content":{"rendered":"","protected":false},"excerpt":{"rendered":"<p>La Ryobi 38cc a gasolina es la herramienta ideal para trabajos de corte en madera, poda y mantenimiento. \ud83d\udcaa\ud83d\udd25 Dise\u00f1ada para ser potente, eficiente y f\u00e1cil de usar, incluso en las tareas m\u00e1s exigentes.<\/p>\n<p>\ud83d\udd27 Caracter\u00edsticas:<br \/>\n\u2714\ufe0f Espada de 18&#8243; para cortes m\u00e1s amplios<br \/>\n\u2714\ufe0f Motor de 38cc para un rendimiento \u00f3ptimo<br \/>\n\u2714\ufe0f Sistema de arranque f\u00e1cil y bajo mantenimiento<\/p>\n<p>\ud83c\udf3f Perfecta para:<br \/>\n\u2705 Proyectos agr\u00edcolas y de jardiner\u00eda<br \/>\n\u2705 Cortes r\u00e1pidos y precisos<\/p>\n<p>\ud83d\udcde Cont\u00e1ctanos al +593 984123231 para m\u00e1s informaci\u00f3n.<\/p>","protected":false},"featured_media":16653,"comment_status":"open","ping_status":"closed","template":"","meta":{"_acf_changed":false},"product_brand":[],"product_cat":[544,559],"product_tag":[],"class_list":{"0":"post-16652","1":"product","2":"type-product","3":"status-publish","4":"has-post-thumbnail","6":"product_cat-agricultura-e-industria","7":"product_cat-sierras","9":"first","10":"instock","11":"sale","12":"taxable","13":"shipping-taxable","14":"purchasable","15":"product-type-simple"},"acf":[],"_links":{"self":[{"href":"https:\/\/tiendaflex.ec\/en\/wp-json\/wp\/v2\/product\/16652","targetHints":{"allow":["GET"]}}],"collection":[{"href":"https:\/\/tiendaflex.ec\/en\/wp-json\/wp\/v2\/product"}],"about":[{"href":"https:\/\/tiendaflex.ec\/en\/wp-json\/wp\/v2\/types\/product"}],"replies":[{"embeddable":true,"href":"https:\/\/tiendaflex.ec\/en\/wp-json\/wp\/v2\/comments?post=16652"}],"version-history":[{"count":2,"href":"https:\/\/tiendaflex.ec\/en\/wp-json\/wp\/v2\/product\/16652\/revisions"}],"predecessor-version":[{"id":16655,"href":"https:\/\/tiendaflex.ec\/en\/wp-json\/wp\/v2\/product\/16652\/revisions\/16655"}],"wp:featuredmedia":[{"embeddable":true,"href":"https:\/\/tiendaflex.ec\/en\/wp-json\/wp\/v2\/media\/16653"}],"wp:attachment":[{"href":"https:\/\/tiendaflex.ec\/en\/wp-json\/wp\/v2\/media?parent=16652"}],"wp:term":[{"taxonomy":"product_brand","embeddable":true,"href":"https:\/\/tiendaflex.ec\/en\/wp-json\/wp\/v2\/product_brand?post=16652"},{"taxonomy":"product_cat","embeddable":true,"href":"https:\/\/tiendaflex.ec\/en\/wp-json\/wp\/v2\/product_cat?post=16652"},{"taxonomy":"product_tag","embeddable":true,"href":"https:\/\/tiendaflex.ec\/en\/wp-json\/wp\/v2\/product_tag?post=16652"}],"curies":[{"name":"wp","href":"https:\/\/api.w.org\/{rel}","templated":true}]}}