{"id":16638,"date":"2025-04-08T23:35:18","date_gmt":"2025-04-09T04:35:18","guid":{"rendered":"https:\/\/tiendaflex.ec\/?post_type=product&#038;p=16638"},"modified":"2025-09-08T18:05:10","modified_gmt":"2025-09-08T23:05:10","slug":"21465-cortacesped-toro","status":"publish","type":"product","link":"https:\/\/tiendaflex.ec\/en\/product\/21465-cortacesped-toro\/","title":{"rendered":"21465  Cortac\u00e9sped &#8211; TORO"},"content":{"rendered":"","protected":false},"excerpt":{"rendered":"<p>El Cortac\u00e9sped TORO 21465 Personal Pace SMARTSTOW\u00ae Auto-Drive\u2122 de 22\u201d est\u00e1 dise\u00f1ado para hacer tu trabajo m\u00e1s f\u00e1cil y eficiente. Con tecnolog\u00eda de Auto-Drive\u2122, se ajusta autom\u00e1ticamente a tu ritmo, mientras que su funci\u00f3n SMARTSTOW\u00ae te permite almacenarlo en posici\u00f3n vertical, ahorrando hasta un 70% de espacio.<\/p>\n<ul>\n<li>Marca: TORO<\/li>\n<\/ul>\n<p>\ud83d\udd27 Caracter\u00edsticas destacadas:<br \/>\n\u2714\ufe0f Auto-Drive\u2122: Se adapta a tu velocidad sin esfuerzo \ud83d\ude80<br \/>\n\u2714\ufe0f SMARTSTOW\u00ae: F\u00e1cil de guardar y ocupa menos espacio \ud83c\udfe1<br \/>\n\u2714\ufe0f Ruedas altas: Mayor estabilidad y control en terrenos irregulares \ud83c\udf3e<br \/>\n\u2714\ufe0f Ancho de corte de 22\u201d: Mayor cobertura en menos tiempo \u23f3<\/p>\n<p>\ud83d\udcde Cont\u00e1ctanos al +593 984123231 para m\u00e1s informaci\u00f3n<\/p>","protected":false},"featured_media":16640,"comment_status":"open","ping_status":"closed","template":"","meta":{"_acf_changed":false},"product_brand":[],"product_cat":[544,611],"product_tag":[],"class_list":{"0":"post-16638","1":"product","2":"type-product","3":"status-publish","4":"has-post-thumbnail","6":"product_cat-agricultura-e-industria","7":"product_cat-cortacespedes","9":"first","10":"instock","11":"sale","12":"taxable","13":"shipping-taxable","14":"purchasable","15":"product-type-simple"},"acf":[],"_links":{"self":[{"href":"https:\/\/tiendaflex.ec\/en\/wp-json\/wp\/v2\/product\/16638","targetHints":{"allow":["GET"]}}],"collection":[{"href":"https:\/\/tiendaflex.ec\/en\/wp-json\/wp\/v2\/product"}],"about":[{"href":"https:\/\/tiendaflex.ec\/en\/wp-json\/wp\/v2\/types\/product"}],"replies":[{"embeddable":true,"href":"https:\/\/tiendaflex.ec\/en\/wp-json\/wp\/v2\/comments?post=16638"}],"version-history":[{"count":3,"href":"https:\/\/tiendaflex.ec\/en\/wp-json\/wp\/v2\/product\/16638\/revisions"}],"predecessor-version":[{"id":23342,"href":"https:\/\/tiendaflex.ec\/en\/wp-json\/wp\/v2\/product\/16638\/revisions\/23342"}],"wp:featuredmedia":[{"embeddable":true,"href":"https:\/\/tiendaflex.ec\/en\/wp-json\/wp\/v2\/media\/16640"}],"wp:attachment":[{"href":"https:\/\/tiendaflex.ec\/en\/wp-json\/wp\/v2\/media?parent=16638"}],"wp:term":[{"taxonomy":"product_brand","embeddable":true,"href":"https:\/\/tiendaflex.ec\/en\/wp-json\/wp\/v2\/product_brand?post=16638"},{"taxonomy":"product_cat","embeddable":true,"href":"https:\/\/tiendaflex.ec\/en\/wp-json\/wp\/v2\/product_cat?post=16638"},{"taxonomy":"product_tag","embeddable":true,"href":"https:\/\/tiendaflex.ec\/en\/wp-json\/wp\/v2\/product_tag?post=16638"}],"curies":[{"name":"wp","href":"https:\/\/api.w.org\/{rel}","templated":true}]}}