{"id":16631,"date":"2025-04-08T23:31:04","date_gmt":"2025-04-09T04:31:04","guid":{"rendered":"https:\/\/tiendaflex.ec\/?post_type=product&#038;p=16631"},"modified":"2025-06-03T20:30:02","modified_gmt":"2025-06-04T01:30:02","slug":"elegance-chaide-chaide","status":"publish","type":"product","link":"https:\/\/tiendaflex.ec\/en\/product\/elegance-chaide-chaide\/","title":{"rendered":"Elegance &#8211; Chaide &#038; Chaide"},"content":{"rendered":"","protected":false},"excerpt":{"rendered":"<p>El Elegance de Chaide &amp; Chaide est\u00e1 dise\u00f1ado para brindarte la m\u00e1xima comodidad y soporte mientras duermes. Con materiales de alta calidad y tecnolog\u00eda avanzada, te ofrece una experiencia de descanso incomparable.<\/p>\n<p>\ud83d\udca1 Caracter\u00edsticas destacadas:<br \/>\n\u2714\ufe0f Soporte ergon\u00f3mico que se adapta a tu cuerpo \ud83d\udca4<br \/>\n\u2714\ufe0f Tapizado premium con un acabado elegante \u2728<br \/>\n\u2714\ufe0f Tecnolog\u00eda que reduce la transferencia de movimiento \ud83d\udd07<br \/>\n\u2714\ufe0f Durabilidad y confort para un descanso prolongado \ud83d\ude0c<\/p>\n<p>\ud83d\udcde Cont\u00e1ctanos al +593 984123231 para m\u00e1s informaci\u00f3n.<\/p>","protected":false},"featured_media":16632,"comment_status":"open","ping_status":"closed","template":"","meta":{"_acf_changed":false},"product_brand":[],"product_cat":[543],"product_tag":[],"class_list":{"0":"post-16631","1":"product","2":"type-product","3":"status-publish","4":"has-post-thumbnail","6":"product_cat-colchones","8":"first","9":"instock","10":"sale","11":"taxable","12":"shipping-taxable","13":"purchasable","14":"product-type-variable"},"acf":[],"_links":{"self":[{"href":"https:\/\/tiendaflex.ec\/en\/wp-json\/wp\/v2\/product\/16631","targetHints":{"allow":["GET"]}}],"collection":[{"href":"https:\/\/tiendaflex.ec\/en\/wp-json\/wp\/v2\/product"}],"about":[{"href":"https:\/\/tiendaflex.ec\/en\/wp-json\/wp\/v2\/types\/product"}],"replies":[{"embeddable":true,"href":"https:\/\/tiendaflex.ec\/en\/wp-json\/wp\/v2\/comments?post=16631"}],"version-history":[{"count":2,"href":"https:\/\/tiendaflex.ec\/en\/wp-json\/wp\/v2\/product\/16631\/revisions"}],"predecessor-version":[{"id":19141,"href":"https:\/\/tiendaflex.ec\/en\/wp-json\/wp\/v2\/product\/16631\/revisions\/19141"}],"wp:featuredmedia":[{"embeddable":true,"href":"https:\/\/tiendaflex.ec\/en\/wp-json\/wp\/v2\/media\/16632"}],"wp:attachment":[{"href":"https:\/\/tiendaflex.ec\/en\/wp-json\/wp\/v2\/media?parent=16631"}],"wp:term":[{"taxonomy":"product_brand","embeddable":true,"href":"https:\/\/tiendaflex.ec\/en\/wp-json\/wp\/v2\/product_brand?post=16631"},{"taxonomy":"product_cat","embeddable":true,"href":"https:\/\/tiendaflex.ec\/en\/wp-json\/wp\/v2\/product_cat?post=16631"},{"taxonomy":"product_tag","embeddable":true,"href":"https:\/\/tiendaflex.ec\/en\/wp-json\/wp\/v2\/product_tag?post=16631"}],"curies":[{"name":"wp","href":"https:\/\/api.w.org\/{rel}","templated":true}]}}