{"id":16627,"date":"2025-04-08T23:27:22","date_gmt":"2025-04-09T04:27:22","guid":{"rendered":"https:\/\/tiendaflex.ec\/?post_type=product&#038;p=16627"},"modified":"2025-04-15T21:57:56","modified_gmt":"2025-04-16T02:57:56","slug":"sala-espacio","status":"publish","type":"product","link":"https:\/\/tiendaflex.ec\/en\/product\/sala-espacio\/","title":{"rendered":"Sala Espacio"},"content":{"rendered":"","protected":false},"excerpt":{"rendered":"<p>La Sala Espacio es perfecta para quienes buscan dise\u00f1o, confort y versatilidad. Su forma en L, su sof\u00e1 cama de 2 plazas y su pr\u00e1ctico puff la convierten en la opci\u00f3n ideal para recibir visitas y maximizar cada rinc\u00f3n de tu hogar.<\/p>\n<p>\ud83d\udca1 Caracter\u00edsticas destacadas:<br \/>\n\u2714\ufe0f Dise\u00f1o moderno y elegante \ud83c\udfe1<br \/>\n\u2714\ufe0f Sof\u00e1 cama integrado para mayor funcionalidad \ud83d\udca4<br \/>\n\u2714\ufe0f Puff multiusos para mayor comodidad \ud83e\ude91<br \/>\n\u2714\ufe0f Materiales de alta calidad y durabilidad \ud83d\udc8e<\/p>\n<p>\ud83d\udcde Cont\u00e1ctanos para m\u00e1s informaci\u00f3n al +593 984123231<\/p>","protected":false},"featured_media":16628,"comment_status":"open","ping_status":"closed","template":"","meta":{"_acf_changed":false},"product_brand":[],"product_cat":[542,579],"product_tag":[],"class_list":{"0":"post-16627","1":"product","2":"type-product","3":"status-publish","4":"has-post-thumbnail","6":"product_cat-muebles","7":"product_cat-salas","9":"first","10":"instock","11":"sale","12":"taxable","13":"shipping-taxable","14":"purchasable","15":"product-type-simple"},"acf":[],"_links":{"self":[{"href":"https:\/\/tiendaflex.ec\/en\/wp-json\/wp\/v2\/product\/16627","targetHints":{"allow":["GET"]}}],"collection":[{"href":"https:\/\/tiendaflex.ec\/en\/wp-json\/wp\/v2\/product"}],"about":[{"href":"https:\/\/tiendaflex.ec\/en\/wp-json\/wp\/v2\/types\/product"}],"replies":[{"embeddable":true,"href":"https:\/\/tiendaflex.ec\/en\/wp-json\/wp\/v2\/comments?post=16627"}],"version-history":[{"count":2,"href":"https:\/\/tiendaflex.ec\/en\/wp-json\/wp\/v2\/product\/16627\/revisions"}],"predecessor-version":[{"id":16630,"href":"https:\/\/tiendaflex.ec\/en\/wp-json\/wp\/v2\/product\/16627\/revisions\/16630"}],"wp:featuredmedia":[{"embeddable":true,"href":"https:\/\/tiendaflex.ec\/en\/wp-json\/wp\/v2\/media\/16628"}],"wp:attachment":[{"href":"https:\/\/tiendaflex.ec\/en\/wp-json\/wp\/v2\/media?parent=16627"}],"wp:term":[{"taxonomy":"product_brand","embeddable":true,"href":"https:\/\/tiendaflex.ec\/en\/wp-json\/wp\/v2\/product_brand?post=16627"},{"taxonomy":"product_cat","embeddable":true,"href":"https:\/\/tiendaflex.ec\/en\/wp-json\/wp\/v2\/product_cat?post=16627"},{"taxonomy":"product_tag","embeddable":true,"href":"https:\/\/tiendaflex.ec\/en\/wp-json\/wp\/v2\/product_tag?post=16627"}],"curies":[{"name":"wp","href":"https:\/\/api.w.org\/{rel}","templated":true}]}}