{"id":16613,"date":"2025-04-08T23:10:37","date_gmt":"2025-04-09T04:10:37","guid":{"rendered":"https:\/\/tiendaflex.ec\/?post_type=product&#038;p=16613"},"modified":"2026-02-25T12:42:43","modified_gmt":"2026-02-25T17:42:43","slug":"sierra-de-cinta-9-2-5a-ryobi","status":"publish","type":"product","link":"https:\/\/tiendaflex.ec\/en\/product\/sierra-de-cinta-9-2-5a-ryobi\/","title":{"rendered":"Sierra de Cinta 9&#8243; 2.5A \u2013 Ryobi"},"content":{"rendered":"","protected":false},"excerpt":{"rendered":"<p>La sierra de cinta RYOBI BS904G de 9\u201d y 2.5 amperios es la herramienta ideal para cortes precisos en madera y otros materiales. Su dise\u00f1o compacto y potente motor te brindan un rendimiento \u00f3ptimo para trabajos de carpinter\u00eda y bricolaje.<\/p>\n<p>\ud83d\udca1 Caracter\u00edsticas destacadas:<br \/>\n\u2714\ufe0f Motor de 2.5A para cortes suaves y controlados \u26a1<br \/>\n\u2714\ufe0f Mesa ajustable para cortes en \u00e1ngulo \ud83c\udfd7\ufe0f<br \/>\n\u2714\ufe0f Gu\u00eda de corte ajustable para mayor precisi\u00f3n \ud83c\udfaf<br \/>\n\u2714\ufe0f Dise\u00f1o compacto y resistente para mayor durabilidad \ud83d\udcaa<\/p>\n<p>\ud83d\udcde Cont\u00e1ctanos para m\u00e1s informaci\u00f3n al +593 984123231<\/p>","protected":false},"featured_media":16616,"comment_status":"open","ping_status":"closed","template":"","meta":{"_acf_changed":false},"product_brand":[],"product_cat":[544,559],"product_tag":[],"class_list":{"0":"post-16613","1":"product","2":"type-product","3":"status-publish","4":"has-post-thumbnail","6":"product_cat-agricultura-e-industria","7":"product_cat-sierras","9":"first","10":"instock","11":"sale","12":"taxable","13":"shipping-taxable","14":"purchasable","15":"product-type-simple"},"acf":[],"_links":{"self":[{"href":"https:\/\/tiendaflex.ec\/en\/wp-json\/wp\/v2\/product\/16613","targetHints":{"allow":["GET"]}}],"collection":[{"href":"https:\/\/tiendaflex.ec\/en\/wp-json\/wp\/v2\/product"}],"about":[{"href":"https:\/\/tiendaflex.ec\/en\/wp-json\/wp\/v2\/types\/product"}],"replies":[{"embeddable":true,"href":"https:\/\/tiendaflex.ec\/en\/wp-json\/wp\/v2\/comments?post=16613"}],"version-history":[{"count":2,"href":"https:\/\/tiendaflex.ec\/en\/wp-json\/wp\/v2\/product\/16613\/revisions"}],"predecessor-version":[{"id":16618,"href":"https:\/\/tiendaflex.ec\/en\/wp-json\/wp\/v2\/product\/16613\/revisions\/16618"}],"wp:featuredmedia":[{"embeddable":true,"href":"https:\/\/tiendaflex.ec\/en\/wp-json\/wp\/v2\/media\/16616"}],"wp:attachment":[{"href":"https:\/\/tiendaflex.ec\/en\/wp-json\/wp\/v2\/media?parent=16613"}],"wp:term":[{"taxonomy":"product_brand","embeddable":true,"href":"https:\/\/tiendaflex.ec\/en\/wp-json\/wp\/v2\/product_brand?post=16613"},{"taxonomy":"product_cat","embeddable":true,"href":"https:\/\/tiendaflex.ec\/en\/wp-json\/wp\/v2\/product_cat?post=16613"},{"taxonomy":"product_tag","embeddable":true,"href":"https:\/\/tiendaflex.ec\/en\/wp-json\/wp\/v2\/product_tag?post=16613"}],"curies":[{"name":"wp","href":"https:\/\/api.w.org\/{rel}","templated":true}]}}