{"id":16573,"date":"2025-04-08T22:28:41","date_gmt":"2025-04-09T03:28:41","guid":{"rendered":"https:\/\/tiendaflex.ec\/?post_type=product&#038;p=16573"},"modified":"2025-04-15T21:57:49","modified_gmt":"2025-04-16T02:57:49","slug":"comedor-praga","status":"publish","type":"product","link":"https:\/\/tiendaflex.ec\/en\/product\/comedor-praga\/","title":{"rendered":"Comedor Praga"},"content":{"rendered":"","protected":false},"excerpt":{"rendered":"<p>Moderno y elegante, el comedor perfecto para tu hogar. Su dise\u00f1o contempor\u00e1neo se adapta a cualquier estilo, y lo mejor de todo: puedes personalizarlo. Elige el tama\u00f1o, el color de la madera y el tapiz que mejor se ajuste a tu espacio y preferencias. Ideal para quienes buscan combinar comodidad, funcionalidad y un toque de sofisticaci\u00f3n en su comedor.<\/p>\n<p>Transforma tu comedor en un ambiente \u00fanico con el Comedor Praga, y disfruta de una experiencia gastron\u00f3mica rodeado de estilo. \u00a1Hazlo tuyo hoy mismo!<\/p>\n<p>\ud83d\udcde **Cont\u00e1ctanos al +593 984 123 231<\/p>","protected":false},"featured_media":16574,"comment_status":"open","ping_status":"closed","template":"","meta":{"_acf_changed":false},"product_brand":[],"product_cat":[587,542],"product_tag":[],"class_list":{"0":"post-16573","1":"product","2":"type-product","3":"status-publish","4":"has-post-thumbnail","6":"product_cat-comedores","7":"product_cat-muebles","9":"first","10":"instock","11":"sale","12":"taxable","13":"shipping-taxable","14":"purchasable","15":"product-type-variable"},"acf":[],"_links":{"self":[{"href":"https:\/\/tiendaflex.ec\/en\/wp-json\/wp\/v2\/product\/16573","targetHints":{"allow":["GET"]}}],"collection":[{"href":"https:\/\/tiendaflex.ec\/en\/wp-json\/wp\/v2\/product"}],"about":[{"href":"https:\/\/tiendaflex.ec\/en\/wp-json\/wp\/v2\/types\/product"}],"replies":[{"embeddable":true,"href":"https:\/\/tiendaflex.ec\/en\/wp-json\/wp\/v2\/comments?post=16573"}],"version-history":[{"count":2,"href":"https:\/\/tiendaflex.ec\/en\/wp-json\/wp\/v2\/product\/16573\/revisions"}],"predecessor-version":[{"id":16579,"href":"https:\/\/tiendaflex.ec\/en\/wp-json\/wp\/v2\/product\/16573\/revisions\/16579"}],"wp:featuredmedia":[{"embeddable":true,"href":"https:\/\/tiendaflex.ec\/en\/wp-json\/wp\/v2\/media\/16574"}],"wp:attachment":[{"href":"https:\/\/tiendaflex.ec\/en\/wp-json\/wp\/v2\/media?parent=16573"}],"wp:term":[{"taxonomy":"product_brand","embeddable":true,"href":"https:\/\/tiendaflex.ec\/en\/wp-json\/wp\/v2\/product_brand?post=16573"},{"taxonomy":"product_cat","embeddable":true,"href":"https:\/\/tiendaflex.ec\/en\/wp-json\/wp\/v2\/product_cat?post=16573"},{"taxonomy":"product_tag","embeddable":true,"href":"https:\/\/tiendaflex.ec\/en\/wp-json\/wp\/v2\/product_tag?post=16573"}],"curies":[{"name":"wp","href":"https:\/\/api.w.org\/{rel}","templated":true}]}}