{"id":16564,"date":"2025-04-08T22:06:48","date_gmt":"2025-04-09T03:06:48","guid":{"rendered":"https:\/\/tiendaflex.ec\/?post_type=product&#038;p=16564"},"modified":"2026-02-19T08:04:56","modified_gmt":"2026-02-19T13:04:56","slug":"fussion-chaide-chaide","status":"publish","type":"product","link":"https:\/\/tiendaflex.ec\/en\/product\/fussion-chaide-chaide\/","title":{"rendered":"Fussion &#8211; Chaide &#038; Chaide"},"content":{"rendered":"","protected":false},"excerpt":{"rendered":"<p>Dise\u00f1ado para brindar un equilibrio perfecto entre soporte y suavidad, este colch\u00f3n combina tecnolog\u00eda de \u00faltima generaci\u00f3n con materiales de alta calidad para garantizar un descanso reparador.<\/p>\n<p>\u2705 Espuma de alta densidad para mayor durabilidad y firmeza<br \/>\n\u2705 Sistema de resortes Pocket que se adaptan a cada movimiento<br \/>\n\u2705 Tela hipoalerg\u00e9nica y fresca, ideal para un descanso sin interrupciones<br \/>\n\u2705 Tecnolog\u00eda ortop\u00e9dica, perfecta para un soporte ergon\u00f3mico y saludable<\/p>\n<p>\ud83d\udcde Cont\u00e1ctanos: +593984123231<\/p>","protected":false},"featured_media":16565,"comment_status":"open","ping_status":"closed","template":"","meta":{"_acf_changed":false},"product_brand":[],"product_cat":[543],"product_tag":[],"class_list":{"0":"post-16564","1":"product","2":"type-product","3":"status-publish","4":"has-post-thumbnail","6":"product_cat-colchones","8":"first","9":"instock","10":"sale","11":"taxable","12":"shipping-taxable","13":"purchasable","14":"product-type-variable"},"acf":[],"_links":{"self":[{"href":"https:\/\/tiendaflex.ec\/en\/wp-json\/wp\/v2\/product\/16564","targetHints":{"allow":["GET"]}}],"collection":[{"href":"https:\/\/tiendaflex.ec\/en\/wp-json\/wp\/v2\/product"}],"about":[{"href":"https:\/\/tiendaflex.ec\/en\/wp-json\/wp\/v2\/types\/product"}],"replies":[{"embeddable":true,"href":"https:\/\/tiendaflex.ec\/en\/wp-json\/wp\/v2\/comments?post=16564"}],"version-history":[{"count":3,"href":"https:\/\/tiendaflex.ec\/en\/wp-json\/wp\/v2\/product\/16564\/revisions"}],"predecessor-version":[{"id":26322,"href":"https:\/\/tiendaflex.ec\/en\/wp-json\/wp\/v2\/product\/16564\/revisions\/26322"}],"wp:featuredmedia":[{"embeddable":true,"href":"https:\/\/tiendaflex.ec\/en\/wp-json\/wp\/v2\/media\/16565"}],"wp:attachment":[{"href":"https:\/\/tiendaflex.ec\/en\/wp-json\/wp\/v2\/media?parent=16564"}],"wp:term":[{"taxonomy":"product_brand","embeddable":true,"href":"https:\/\/tiendaflex.ec\/en\/wp-json\/wp\/v2\/product_brand?post=16564"},{"taxonomy":"product_cat","embeddable":true,"href":"https:\/\/tiendaflex.ec\/en\/wp-json\/wp\/v2\/product_cat?post=16564"},{"taxonomy":"product_tag","embeddable":true,"href":"https:\/\/tiendaflex.ec\/en\/wp-json\/wp\/v2\/product_tag?post=16564"}],"curies":[{"name":"wp","href":"https:\/\/api.w.org\/{rel}","templated":true}]}}