{"id":16530,"date":"2025-04-07T23:47:23","date_gmt":"2025-04-08T04:47:23","guid":{"rendered":"https:\/\/tiendaflex.ec\/?post_type=product&#038;p=16530"},"modified":"2025-07-30T11:25:56","modified_gmt":"2025-07-30T16:25:56","slug":"2500-psi-hidrolavadora-electrica-ryobi","status":"publish","type":"product","link":"https:\/\/tiendaflex.ec\/en\/product\/2500-psi-hidrolavadora-electrica-ryobi\/","title":{"rendered":"2500 PSI Hidrolavadora El\u00e9ctrica \u2013 Ryobi"},"content":{"rendered":"","protected":false},"excerpt":{"rendered":"<p>Ideal para limpiar superficies exteriores, veh\u00edculos, patios y m\u00e1s, esta hidrolavadora ofrece un rendimiento excepcional con la comodidad de un dise\u00f1o el\u00e9ctrico y sin mantenimiento de aceite o gasolina.<\/p>\n<p>\u2705 Motor sin escobillas para mayor durabilidad y eficiencia<br \/>\n\u2705 2500 PSI de presi\u00f3n y 1.2 GPM para una limpieza profunda<br \/>\n\u2705 Boquillas intercambiables para diferentes tipos de chorro<br \/>\n\u2705 Dise\u00f1o compacto y ruedas para f\u00e1cil transporte<br \/>\n\u2705 Funcionamiento silencioso y ecol\u00f3gico<\/p>\n<p>\ud83d\udcde Cont\u00e1ctanos: +593984123231<\/p>","protected":false},"featured_media":16531,"comment_status":"open","ping_status":"closed","template":"","meta":{"_acf_changed":false},"product_brand":[],"product_cat":[544,617],"product_tag":[],"class_list":{"0":"post-16530","1":"product","2":"type-product","3":"status-publish","4":"has-post-thumbnail","6":"product_cat-agricultura-e-industria","7":"product_cat-limpieza","9":"first","10":"instock","11":"sale","12":"taxable","13":"shipping-taxable","14":"purchasable","15":"product-type-simple"},"acf":[],"_links":{"self":[{"href":"https:\/\/tiendaflex.ec\/en\/wp-json\/wp\/v2\/product\/16530","targetHints":{"allow":["GET"]}}],"collection":[{"href":"https:\/\/tiendaflex.ec\/en\/wp-json\/wp\/v2\/product"}],"about":[{"href":"https:\/\/tiendaflex.ec\/en\/wp-json\/wp\/v2\/types\/product"}],"replies":[{"embeddable":true,"href":"https:\/\/tiendaflex.ec\/en\/wp-json\/wp\/v2\/comments?post=16530"}],"version-history":[{"count":2,"href":"https:\/\/tiendaflex.ec\/en\/wp-json\/wp\/v2\/product\/16530\/revisions"}],"predecessor-version":[{"id":16534,"href":"https:\/\/tiendaflex.ec\/en\/wp-json\/wp\/v2\/product\/16530\/revisions\/16534"}],"wp:featuredmedia":[{"embeddable":true,"href":"https:\/\/tiendaflex.ec\/en\/wp-json\/wp\/v2\/media\/16531"}],"wp:attachment":[{"href":"https:\/\/tiendaflex.ec\/en\/wp-json\/wp\/v2\/media?parent=16530"}],"wp:term":[{"taxonomy":"product_brand","embeddable":true,"href":"https:\/\/tiendaflex.ec\/en\/wp-json\/wp\/v2\/product_brand?post=16530"},{"taxonomy":"product_cat","embeddable":true,"href":"https:\/\/tiendaflex.ec\/en\/wp-json\/wp\/v2\/product_cat?post=16530"},{"taxonomy":"product_tag","embeddable":true,"href":"https:\/\/tiendaflex.ec\/en\/wp-json\/wp\/v2\/product_tag?post=16530"}],"curies":[{"name":"wp","href":"https:\/\/api.w.org\/{rel}","templated":true}]}}