{"id":16513,"date":"2025-04-07T23:28:11","date_gmt":"2025-04-08T04:28:11","guid":{"rendered":"https:\/\/tiendaflex.ec\/?post_type=product&#038;p=16513"},"modified":"2026-02-25T16:39:16","modified_gmt":"2026-02-25T21:39:16","slug":"kit-cortasetos-26-40v-hp-ryobi","status":"publish","type":"product","link":"https:\/\/tiendaflex.ec\/en\/product\/kit-cortasetos-26-40v-hp-ryobi\/","title":{"rendered":"Kit Cortasetos 26&#8243; 40V HP \u2013 Ryobi"},"content":{"rendered":"","protected":false},"excerpt":{"rendered":"<p>Este potente cortasetos ofrece un rendimiento profesional con la comodidad de un dise\u00f1o inal\u00e1mbrico. Su motor sin escobillas y bater\u00eda de 40V proporcionan la fuerza necesaria para cortes limpios y eficientes en setos y arbustos de gran tama\u00f1o.<\/p>\n<ul>\n<li>Marca: RYOBI<\/li>\n<\/ul>\n<p>\u2705 Cuchilla de doble acci\u00f3n de 26&#8243; para cortes precisos y uniformes<br \/>\n\u2705 Motor sin escobillas para mayor potencia y durabilidad<br \/>\n\u2705 Tecnolog\u00eda HP de alto rendimiento para cortes m\u00e1s r\u00e1pidos y eficientes<br \/>\n\u2705 Dise\u00f1o ergon\u00f3mico y empu\u00f1adura giratoria para mayor comodidad<br \/>\n\u2705 Funcionamiento silencioso y sin emisiones<\/p>\n<p>Haz que el mantenimiento de tu jard\u00edn sea m\u00e1s f\u00e1cil y eficiente con el cortasetos Ryobi.<\/p>\n<p>\ud83d\udcde Cont\u00e1ctanos: +593984123231<\/p>","protected":false},"featured_media":16514,"comment_status":"open","ping_status":"closed","template":"","meta":{"_acf_changed":false},"product_brand":[],"product_cat":[544,680],"product_tag":[],"class_list":{"0":"post-16513","1":"product","2":"type-product","3":"status-publish","4":"has-post-thumbnail","6":"product_cat-agricultura-e-industria","7":"product_cat-cortasetos","9":"first","10":"instock","11":"sale","12":"taxable","13":"shipping-taxable","14":"purchasable","15":"product-type-simple"},"acf":[],"_links":{"self":[{"href":"https:\/\/tiendaflex.ec\/en\/wp-json\/wp\/v2\/product\/16513","targetHints":{"allow":["GET"]}}],"collection":[{"href":"https:\/\/tiendaflex.ec\/en\/wp-json\/wp\/v2\/product"}],"about":[{"href":"https:\/\/tiendaflex.ec\/en\/wp-json\/wp\/v2\/types\/product"}],"replies":[{"embeddable":true,"href":"https:\/\/tiendaflex.ec\/en\/wp-json\/wp\/v2\/comments?post=16513"}],"version-history":[{"count":3,"href":"https:\/\/tiendaflex.ec\/en\/wp-json\/wp\/v2\/product\/16513\/revisions"}],"predecessor-version":[{"id":23352,"href":"https:\/\/tiendaflex.ec\/en\/wp-json\/wp\/v2\/product\/16513\/revisions\/23352"}],"wp:featuredmedia":[{"embeddable":true,"href":"https:\/\/tiendaflex.ec\/en\/wp-json\/wp\/v2\/media\/16514"}],"wp:attachment":[{"href":"https:\/\/tiendaflex.ec\/en\/wp-json\/wp\/v2\/media?parent=16513"}],"wp:term":[{"taxonomy":"product_brand","embeddable":true,"href":"https:\/\/tiendaflex.ec\/en\/wp-json\/wp\/v2\/product_brand?post=16513"},{"taxonomy":"product_cat","embeddable":true,"href":"https:\/\/tiendaflex.ec\/en\/wp-json\/wp\/v2\/product_cat?post=16513"},{"taxonomy":"product_tag","embeddable":true,"href":"https:\/\/tiendaflex.ec\/en\/wp-json\/wp\/v2\/product_tag?post=16513"}],"curies":[{"name":"wp","href":"https:\/\/api.w.org\/{rel}","templated":true}]}}