{"id":16499,"date":"2025-04-07T23:14:13","date_gmt":"2025-04-08T04:14:13","guid":{"rendered":"https:\/\/tiendaflex.ec\/?post_type=product&#038;p=16499"},"modified":"2025-04-15T21:57:42","modified_gmt":"2025-04-16T02:57:42","slug":"h8c-ptz-camara-ezviz","status":"publish","type":"product","link":"https:\/\/tiendaflex.ec\/en\/product\/h8c-ptz-camara-ezviz\/","title":{"rendered":"H8C PTZ C\u00e1mara &#8211; EZVIZ"},"content":{"rendered":"","protected":false},"excerpt":{"rendered":"<p>Protege tu hogar o negocio con la tecnolog\u00eda avanzada de la c\u00e1mara H8C PTZ, dise\u00f1ada para ofrecer una vigilancia completa con movimiento panor\u00e1mico y control remoto desde tu celular. Su alta resoluci\u00f3n y funciones inteligentes te permiten monitorear cada rinc\u00f3n con total confianza.<\/p>\n<p>\u2705 Movimiento PTZ con giro de 360\u00b0 para una cobertura total<br \/>\n\u2705 Resoluci\u00f3n HD para im\u00e1genes n\u00edtidas y detalladas<br \/>\n\u2705 Visi\u00f3n nocturna avanzada para vigilancia las 24 horas<br \/>\n\u2705 Detecci\u00f3n de movimiento con alertas en tiempo real<br \/>\n\u2705 Conectividad WiFi y control desde la app EZVIZ<\/p>\n<p>\ud83d\udcde Cont\u00e1ctanos: +593984123231<\/p>","protected":false},"featured_media":16500,"comment_status":"open","ping_status":"closed","template":"","meta":{"_acf_changed":false},"product_brand":[],"product_cat":[584,547],"product_tag":[],"class_list":{"0":"post-16499","1":"product","2":"type-product","3":"status-publish","4":"has-post-thumbnail","6":"product_cat-camaras","7":"product_cat-tecnologia-del-hogar","9":"first","10":"instock","11":"sale","12":"taxable","13":"shipping-taxable","14":"purchasable","15":"product-type-simple"},"acf":[],"_links":{"self":[{"href":"https:\/\/tiendaflex.ec\/en\/wp-json\/wp\/v2\/product\/16499","targetHints":{"allow":["GET"]}}],"collection":[{"href":"https:\/\/tiendaflex.ec\/en\/wp-json\/wp\/v2\/product"}],"about":[{"href":"https:\/\/tiendaflex.ec\/en\/wp-json\/wp\/v2\/types\/product"}],"replies":[{"embeddable":true,"href":"https:\/\/tiendaflex.ec\/en\/wp-json\/wp\/v2\/comments?post=16499"}],"version-history":[{"count":2,"href":"https:\/\/tiendaflex.ec\/en\/wp-json\/wp\/v2\/product\/16499\/revisions"}],"predecessor-version":[{"id":16503,"href":"https:\/\/tiendaflex.ec\/en\/wp-json\/wp\/v2\/product\/16499\/revisions\/16503"}],"wp:featuredmedia":[{"embeddable":true,"href":"https:\/\/tiendaflex.ec\/en\/wp-json\/wp\/v2\/media\/16500"}],"wp:attachment":[{"href":"https:\/\/tiendaflex.ec\/en\/wp-json\/wp\/v2\/media?parent=16499"}],"wp:term":[{"taxonomy":"product_brand","embeddable":true,"href":"https:\/\/tiendaflex.ec\/en\/wp-json\/wp\/v2\/product_brand?post=16499"},{"taxonomy":"product_cat","embeddable":true,"href":"https:\/\/tiendaflex.ec\/en\/wp-json\/wp\/v2\/product_cat?post=16499"},{"taxonomy":"product_tag","embeddable":true,"href":"https:\/\/tiendaflex.ec\/en\/wp-json\/wp\/v2\/product_tag?post=16499"}],"curies":[{"name":"wp","href":"https:\/\/api.w.org\/{rel}","templated":true}]}}