{"id":16486,"date":"2025-04-07T23:04:36","date_gmt":"2025-04-08T04:04:36","guid":{"rendered":"https:\/\/tiendaflex.ec\/?post_type=product&#038;p=16486"},"modified":"2026-02-19T16:44:53","modified_gmt":"2026-02-19T21:44:53","slug":"pocket-hypersoft-chaide-chaide","status":"publish","type":"product","link":"https:\/\/tiendaflex.ec\/en\/product\/pocket-hypersoft-chaide-chaide\/","title":{"rendered":"Pocket Hypersoft &#8211; Chaide &#038; Chaide"},"content":{"rendered":"","protected":false},"excerpt":{"rendered":"<p>Dise\u00f1ado para brindar un soporte \u00f3ptimo y una sensaci\u00f3n de suavidad inigualable, este colch\u00f3n cuenta con tecnolog\u00eda de resortes Pocket que se adaptan individualmente a tu cuerpo, reduciendo la transferencia de movimiento y mejorando la calidad del descanso. Su capa Hypersoft proporciona una comodidad extra, envolvi\u00e9ndote en una experiencia de descanso placentera.<\/p>\n<p>\u2705 Sistema de resortes Pocket que minimiza el movimiento<br \/>\n\u2705 Capa Hypersoft para una sensaci\u00f3n de confort superior<br \/>\n\u2705 Tela hipoalerg\u00e9nica y transpirable para mayor frescura<br \/>\n\u2705 Ideal para quienes buscan un descanso reparador con el balance perfecto entre soporte y suavidad<\/p>\n<p>\ud83d\udcde Cont\u00e1ctanos: +593984123231<\/p>","protected":false},"featured_media":16491,"comment_status":"open","ping_status":"closed","template":"","meta":{"_acf_changed":false},"product_brand":[],"product_cat":[543],"product_tag":[],"class_list":{"0":"post-16486","1":"product","2":"type-product","3":"status-publish","4":"has-post-thumbnail","6":"product_cat-colchones","8":"first","9":"instock","10":"sale","11":"taxable","12":"shipping-taxable","13":"purchasable","14":"product-type-variable"},"acf":[],"_links":{"self":[{"href":"https:\/\/tiendaflex.ec\/en\/wp-json\/wp\/v2\/product\/16486","targetHints":{"allow":["GET"]}}],"collection":[{"href":"https:\/\/tiendaflex.ec\/en\/wp-json\/wp\/v2\/product"}],"about":[{"href":"https:\/\/tiendaflex.ec\/en\/wp-json\/wp\/v2\/types\/product"}],"replies":[{"embeddable":true,"href":"https:\/\/tiendaflex.ec\/en\/wp-json\/wp\/v2\/comments?post=16486"}],"version-history":[{"count":3,"href":"https:\/\/tiendaflex.ec\/en\/wp-json\/wp\/v2\/product\/16486\/revisions"}],"predecessor-version":[{"id":26324,"href":"https:\/\/tiendaflex.ec\/en\/wp-json\/wp\/v2\/product\/16486\/revisions\/26324"}],"wp:featuredmedia":[{"embeddable":true,"href":"https:\/\/tiendaflex.ec\/en\/wp-json\/wp\/v2\/media\/16491"}],"wp:attachment":[{"href":"https:\/\/tiendaflex.ec\/en\/wp-json\/wp\/v2\/media?parent=16486"}],"wp:term":[{"taxonomy":"product_brand","embeddable":true,"href":"https:\/\/tiendaflex.ec\/en\/wp-json\/wp\/v2\/product_brand?post=16486"},{"taxonomy":"product_cat","embeddable":true,"href":"https:\/\/tiendaflex.ec\/en\/wp-json\/wp\/v2\/product_cat?post=16486"},{"taxonomy":"product_tag","embeddable":true,"href":"https:\/\/tiendaflex.ec\/en\/wp-json\/wp\/v2\/product_tag?post=16486"}],"curies":[{"name":"wp","href":"https:\/\/api.w.org\/{rel}","templated":true}]}}