{"id":16482,"date":"2025-04-07T22:59:21","date_gmt":"2025-04-08T03:59:21","guid":{"rendered":"https:\/\/tiendaflex.ec\/?post_type=product&#038;p=16482"},"modified":"2025-09-08T17:50:25","modified_gmt":"2025-09-08T22:50:25","slug":"combo-40v-hp-brushless-ryobi","status":"publish","type":"product","link":"https:\/\/tiendaflex.ec\/en\/product\/combo-40v-hp-brushless-ryobi\/","title":{"rendered":"Combo 40V HP Brushless &#8211; Ryobi"},"content":{"rendered":"","protected":false},"excerpt":{"rendered":"<p>El kit incluye el soplador Whisper Series de 600 CFM y el desbrozador de 15\u201d con eje de fibra de carbono, dise\u00f1ados para ofrecer el m\u00e1ximo rendimiento con la comodidad de un sistema inal\u00e1mbrico. Su motor sin escobillas garantiza mayor potencia, durabilidad y menor ruido, ideal para un mantenimiento eficiente de tu jard\u00edn.<\/p>\n<ul>\n<li>Marca: RYOBI<\/li>\n<\/ul>\n<p>\u2705 Soplador de 600 CFM con tecnolog\u00eda Whisper para un funcionamiento silencioso<br \/>\n\u2705 Desbrozador de 15\u201d con eje de fibra de carbono, ligero y resistente<br \/>\n\u2705 Motor sin escobillas para mayor potencia y vida \u00fatil<br \/>\n\u2705 Bater\u00eda de 40V para un rendimiento \u00f3ptimo sin cables<br \/>\n\u2705 Dise\u00f1o ergon\u00f3mico y f\u00e1cil de usar<\/p>\n<p>\ud83d\udcde Cont\u00e1ctanos: +593984123231<\/p>","protected":false},"featured_media":16483,"comment_status":"open","ping_status":"closed","template":"","meta":{"_acf_changed":false},"product_brand":[],"product_cat":[544,586],"product_tag":[],"class_list":{"0":"post-16482","1":"product","2":"type-product","3":"status-publish","4":"has-post-thumbnail","6":"product_cat-agricultura-e-industria","7":"product_cat-combos","9":"first","10":"instock","11":"sale","12":"taxable","13":"shipping-taxable","14":"purchasable","15":"product-type-simple"},"acf":[],"_links":{"self":[{"href":"https:\/\/tiendaflex.ec\/en\/wp-json\/wp\/v2\/product\/16482","targetHints":{"allow":["GET"]}}],"collection":[{"href":"https:\/\/tiendaflex.ec\/en\/wp-json\/wp\/v2\/product"}],"about":[{"href":"https:\/\/tiendaflex.ec\/en\/wp-json\/wp\/v2\/types\/product"}],"replies":[{"embeddable":true,"href":"https:\/\/tiendaflex.ec\/en\/wp-json\/wp\/v2\/comments?post=16482"}],"version-history":[{"count":2,"href":"https:\/\/tiendaflex.ec\/en\/wp-json\/wp\/v2\/product\/16482\/revisions"}],"predecessor-version":[{"id":23332,"href":"https:\/\/tiendaflex.ec\/en\/wp-json\/wp\/v2\/product\/16482\/revisions\/23332"}],"wp:featuredmedia":[{"embeddable":true,"href":"https:\/\/tiendaflex.ec\/en\/wp-json\/wp\/v2\/media\/16483"}],"wp:attachment":[{"href":"https:\/\/tiendaflex.ec\/en\/wp-json\/wp\/v2\/media?parent=16482"}],"wp:term":[{"taxonomy":"product_brand","embeddable":true,"href":"https:\/\/tiendaflex.ec\/en\/wp-json\/wp\/v2\/product_brand?post=16482"},{"taxonomy":"product_cat","embeddable":true,"href":"https:\/\/tiendaflex.ec\/en\/wp-json\/wp\/v2\/product_cat?post=16482"},{"taxonomy":"product_tag","embeddable":true,"href":"https:\/\/tiendaflex.ec\/en\/wp-json\/wp\/v2\/product_tag?post=16482"}],"curies":[{"name":"wp","href":"https:\/\/api.w.org\/{rel}","templated":true}]}}