{"id":16458,"date":"2025-04-07T22:43:18","date_gmt":"2025-04-08T03:43:18","guid":{"rendered":"https:\/\/tiendaflex.ec\/?post_type=product&#038;p=16458"},"modified":"2025-06-03T21:27:21","modified_gmt":"2025-06-04T02:27:21","slug":"dreamer-chaide-chaide","status":"publish","type":"product","link":"https:\/\/tiendaflex.ec\/en\/product\/dreamer-chaide-chaide\/","title":{"rendered":"Dreamer Dark &#8211; Chaide &#038; Chaide"},"content":{"rendered":"","protected":false},"excerpt":{"rendered":"<p>Disfruta de noches de sue\u00f1o placentero con el colch\u00f3n Dreamer de Chaide &amp; Chaide, dise\u00f1ado para brindarte el equilibrio perfecto entre comodidad y soporte. Su estructura de alta calidad y materiales resistentes garantizan durabilidad y bienestar, adapt\u00e1ndose a tu cuerpo para un descanso profundo y sin interrupciones.<\/p>\n<p>\u2705 Nivel de confort ideal para un descanso reparador<br \/>\n\u2705 Materiales de alta calidad que garantizan durabilidad<br \/>\n\u2705 Soporte \u00f3ptimo para aliviar la presi\u00f3n del cuerpo<br \/>\n\u2705 Dise\u00f1o moderno y adaptable a cualquier estilo de dormitorio<\/p>\n<p>Cont\u00e1ctanos: +593984123231<\/p>","protected":false},"featured_media":16463,"comment_status":"open","ping_status":"closed","template":"","meta":{"_acf_changed":false},"product_brand":[],"product_cat":[543],"product_tag":[],"class_list":{"0":"post-16458","1":"product","2":"type-product","3":"status-publish","4":"has-post-thumbnail","6":"product_cat-colchones","8":"first","9":"instock","10":"sale","11":"taxable","12":"shipping-taxable","13":"purchasable","14":"product-type-variable"},"acf":[],"_links":{"self":[{"href":"https:\/\/tiendaflex.ec\/en\/wp-json\/wp\/v2\/product\/16458","targetHints":{"allow":["GET"]}}],"collection":[{"href":"https:\/\/tiendaflex.ec\/en\/wp-json\/wp\/v2\/product"}],"about":[{"href":"https:\/\/tiendaflex.ec\/en\/wp-json\/wp\/v2\/types\/product"}],"replies":[{"embeddable":true,"href":"https:\/\/tiendaflex.ec\/en\/wp-json\/wp\/v2\/comments?post=16458"}],"version-history":[{"count":3,"href":"https:\/\/tiendaflex.ec\/en\/wp-json\/wp\/v2\/product\/16458\/revisions"}],"predecessor-version":[{"id":19145,"href":"https:\/\/tiendaflex.ec\/en\/wp-json\/wp\/v2\/product\/16458\/revisions\/19145"}],"wp:featuredmedia":[{"embeddable":true,"href":"https:\/\/tiendaflex.ec\/en\/wp-json\/wp\/v2\/media\/16463"}],"wp:attachment":[{"href":"https:\/\/tiendaflex.ec\/en\/wp-json\/wp\/v2\/media?parent=16458"}],"wp:term":[{"taxonomy":"product_brand","embeddable":true,"href":"https:\/\/tiendaflex.ec\/en\/wp-json\/wp\/v2\/product_brand?post=16458"},{"taxonomy":"product_cat","embeddable":true,"href":"https:\/\/tiendaflex.ec\/en\/wp-json\/wp\/v2\/product_cat?post=16458"},{"taxonomy":"product_tag","embeddable":true,"href":"https:\/\/tiendaflex.ec\/en\/wp-json\/wp\/v2\/product_tag?post=16458"}],"curies":[{"name":"wp","href":"https:\/\/api.w.org\/{rel}","templated":true}]}}