{"id":16414,"date":"2025-04-07T21:37:57","date_gmt":"2025-04-08T02:37:57","guid":{"rendered":"https:\/\/tiendaflex.ec\/?post_type=product&#038;p=16414"},"modified":"2026-02-25T13:06:17","modified_gmt":"2026-02-25T18:06:17","slug":"p223-rotomartillo-sds-plus-ryobi","status":"publish","type":"product","link":"https:\/\/tiendaflex.ec\/en\/product\/p223-rotomartillo-sds-plus-ryobi\/","title":{"rendered":"P223 Rotomartillo SDS Plus &#8211; Ryobi"},"content":{"rendered":"","protected":false},"excerpt":{"rendered":"<p>El rotomartillo inal\u00e1mbrico Ryobi P223 es la herramienta ideal para perforar en concreto, ladrillo y mamposter\u00eda con facilidad. Su motor sin escobillas ofrece mayor potencia y durabilidad, mientras que su dise\u00f1o ergon\u00f3mico reduce la fatiga en trabajos prolongados. Con su sistema SDS Plus, permite cambios de broca r\u00e1pidos y seguros.<\/p>\n<p>\u2705 Motor sin escobillas para mayor rendimiento y vida \u00fatil<br \/>\n\u2705 Mecanismo de percusi\u00f3n para perforaciones en materiales duros<br \/>\n\u2705 Sistema SDS Plus para cambios de broca r\u00e1pidos<br \/>\n\u2705 Dise\u00f1o ergon\u00f3mico y compacto para mayor comodidad<\/p>\n<p>\ud83d\udcde Cont\u00e1ctanos: +593984123231<\/p>","protected":false},"featured_media":16415,"comment_status":"open","ping_status":"closed","template":"","meta":{"_acf_changed":false},"product_brand":[],"product_cat":[544,558],"product_tag":[],"class_list":{"0":"post-16414","1":"product","2":"type-product","3":"status-publish","4":"has-post-thumbnail","6":"product_cat-agricultura-e-industria","7":"product_cat-taladro","9":"first","10":"instock","11":"sale","12":"taxable","13":"shipping-taxable","14":"purchasable","15":"product-type-simple"},"acf":[],"_links":{"self":[{"href":"https:\/\/tiendaflex.ec\/en\/wp-json\/wp\/v2\/product\/16414","targetHints":{"allow":["GET"]}}],"collection":[{"href":"https:\/\/tiendaflex.ec\/en\/wp-json\/wp\/v2\/product"}],"about":[{"href":"https:\/\/tiendaflex.ec\/en\/wp-json\/wp\/v2\/types\/product"}],"replies":[{"embeddable":true,"href":"https:\/\/tiendaflex.ec\/en\/wp-json\/wp\/v2\/comments?post=16414"}],"version-history":[{"count":1,"href":"https:\/\/tiendaflex.ec\/en\/wp-json\/wp\/v2\/product\/16414\/revisions"}],"predecessor-version":[{"id":16416,"href":"https:\/\/tiendaflex.ec\/en\/wp-json\/wp\/v2\/product\/16414\/revisions\/16416"}],"wp:featuredmedia":[{"embeddable":true,"href":"https:\/\/tiendaflex.ec\/en\/wp-json\/wp\/v2\/media\/16415"}],"wp:attachment":[{"href":"https:\/\/tiendaflex.ec\/en\/wp-json\/wp\/v2\/media?parent=16414"}],"wp:term":[{"taxonomy":"product_brand","embeddable":true,"href":"https:\/\/tiendaflex.ec\/en\/wp-json\/wp\/v2\/product_brand?post=16414"},{"taxonomy":"product_cat","embeddable":true,"href":"https:\/\/tiendaflex.ec\/en\/wp-json\/wp\/v2\/product_cat?post=16414"},{"taxonomy":"product_tag","embeddable":true,"href":"https:\/\/tiendaflex.ec\/en\/wp-json\/wp\/v2\/product_tag?post=16414"}],"curies":[{"name":"wp","href":"https:\/\/api.w.org\/{rel}","templated":true}]}}