{"id":16393,"date":"2025-04-07T21:21:50","date_gmt":"2025-04-08T02:21:50","guid":{"rendered":"https:\/\/tiendaflex.ec\/?post_type=product&#038;p=16393"},"modified":"2025-06-03T22:07:58","modified_gmt":"2025-06-04T03:07:58","slug":"seaqual-smart-chaide-chaide","status":"publish","type":"product","link":"https:\/\/tiendaflex.ec\/en\/product\/seaqual-smart-chaide-chaide\/","title":{"rendered":"SEAQUAL SMART &#8211; Chaide &#038; Chaide"},"content":{"rendered":"","protected":false},"excerpt":{"rendered":"<p>Descansa con el equilibrio perfecto entre comodidad y sostenibilidad. El colch\u00f3n Chaide &amp; Chaide SEAQUAL est\u00e1 fabricado con materiales reciclados del oc\u00e9ano, siendo amigable con el medio ambiente. Adem\u00e1s ofrece una superficie suave y fresca para un sue\u00f1o reparador. Su tecnolog\u00eda de soporte ergon\u00f3mico se adapta a tu cuerpo, brindando un descanso inigualable.<\/p>\n<p>\ud83d\udcde Cont\u00e1ctanos: +593984123231<\/p>","protected":false},"featured_media":16398,"comment_status":"open","ping_status":"closed","template":"","meta":{"_acf_changed":false},"product_brand":[],"product_cat":[543,613],"product_tag":[],"class_list":{"0":"post-16393","1":"product","2":"type-product","3":"status-publish","4":"has-post-thumbnail","6":"product_cat-colchones","7":"product_cat-smart","9":"first","10":"instock","11":"sale","12":"taxable","13":"shipping-taxable","14":"purchasable","15":"product-type-variable"},"acf":[],"_links":{"self":[{"href":"https:\/\/tiendaflex.ec\/en\/wp-json\/wp\/v2\/product\/16393","targetHints":{"allow":["GET"]}}],"collection":[{"href":"https:\/\/tiendaflex.ec\/en\/wp-json\/wp\/v2\/product"}],"about":[{"href":"https:\/\/tiendaflex.ec\/en\/wp-json\/wp\/v2\/types\/product"}],"replies":[{"embeddable":true,"href":"https:\/\/tiendaflex.ec\/en\/wp-json\/wp\/v2\/comments?post=16393"}],"version-history":[{"count":1,"href":"https:\/\/tiendaflex.ec\/en\/wp-json\/wp\/v2\/product\/16393\/revisions"}],"predecessor-version":[{"id":16399,"href":"https:\/\/tiendaflex.ec\/en\/wp-json\/wp\/v2\/product\/16393\/revisions\/16399"}],"wp:featuredmedia":[{"embeddable":true,"href":"https:\/\/tiendaflex.ec\/en\/wp-json\/wp\/v2\/media\/16398"}],"wp:attachment":[{"href":"https:\/\/tiendaflex.ec\/en\/wp-json\/wp\/v2\/media?parent=16393"}],"wp:term":[{"taxonomy":"product_brand","embeddable":true,"href":"https:\/\/tiendaflex.ec\/en\/wp-json\/wp\/v2\/product_brand?post=16393"},{"taxonomy":"product_cat","embeddable":true,"href":"https:\/\/tiendaflex.ec\/en\/wp-json\/wp\/v2\/product_cat?post=16393"},{"taxonomy":"product_tag","embeddable":true,"href":"https:\/\/tiendaflex.ec\/en\/wp-json\/wp\/v2\/product_tag?post=16393"}],"curies":[{"name":"wp","href":"https:\/\/api.w.org\/{rel}","templated":true}]}}