{"id":16376,"date":"2025-04-07T20:25:11","date_gmt":"2025-04-08T01:25:11","guid":{"rendered":"https:\/\/tiendaflex.ec\/?post_type=product&#038;p=16376"},"modified":"2026-02-24T09:56:00","modified_gmt":"2026-02-24T14:56:00","slug":"lri-21fcr-lavadora-indurama","status":"publish","type":"product","link":"https:\/\/tiendaflex.ec\/en\/product\/lri-21fcr-lavadora-indurama\/","title":{"rendered":"LRI-21FCR &#8211; Lavadora Indurama"},"content":{"rendered":"","protected":false},"excerpt":{"rendered":"<p>Lava tu ropa con la potencia y calidad de la Indurama LRI-21FCR. Su dise\u00f1o moderno y capacidad \u00f3ptima te permiten ahorrar tiempo y energ\u00eda, ofreciendo un lavado eficiente y delicado con tus prendas. Su tecnolog\u00eda avanzada cuida cada tejido y maximiza el rendimiento del agua y detergente.<\/p>\n<p><strong>Dimensiones<\/strong><\/p>\n<ul>\n<li>Alto: 101.9 cm<\/li>\n<li>Ancho: 68.6 cm<\/li>\n<li>Prof.: 86.9 cm<\/li>\n<\/ul>\n<p>\ud83d\udcde Cont\u00e1ctanos: +593984123231<\/p>","protected":false},"featured_media":16377,"comment_status":"open","ping_status":"closed","template":"","meta":{"_acf_changed":false},"product_brand":[],"product_cat":[549,602],"product_tag":[],"class_list":{"0":"post-16376","1":"product","2":"type-product","3":"status-publish","4":"has-post-thumbnail","6":"product_cat-electrodomesticos","7":"product_cat-lavadoras","9":"first","10":"instock","11":"sale","12":"taxable","13":"shipping-taxable","14":"purchasable","15":"product-type-simple"},"acf":[],"_links":{"self":[{"href":"https:\/\/tiendaflex.ec\/en\/wp-json\/wp\/v2\/product\/16376","targetHints":{"allow":["GET"]}}],"collection":[{"href":"https:\/\/tiendaflex.ec\/en\/wp-json\/wp\/v2\/product"}],"about":[{"href":"https:\/\/tiendaflex.ec\/en\/wp-json\/wp\/v2\/types\/product"}],"replies":[{"embeddable":true,"href":"https:\/\/tiendaflex.ec\/en\/wp-json\/wp\/v2\/comments?post=16376"}],"version-history":[{"count":3,"href":"https:\/\/tiendaflex.ec\/en\/wp-json\/wp\/v2\/product\/16376\/revisions"}],"predecessor-version":[{"id":23786,"href":"https:\/\/tiendaflex.ec\/en\/wp-json\/wp\/v2\/product\/16376\/revisions\/23786"}],"wp:featuredmedia":[{"embeddable":true,"href":"https:\/\/tiendaflex.ec\/en\/wp-json\/wp\/v2\/media\/16377"}],"wp:attachment":[{"href":"https:\/\/tiendaflex.ec\/en\/wp-json\/wp\/v2\/media?parent=16376"}],"wp:term":[{"taxonomy":"product_brand","embeddable":true,"href":"https:\/\/tiendaflex.ec\/en\/wp-json\/wp\/v2\/product_brand?post=16376"},{"taxonomy":"product_cat","embeddable":true,"href":"https:\/\/tiendaflex.ec\/en\/wp-json\/wp\/v2\/product_cat?post=16376"},{"taxonomy":"product_tag","embeddable":true,"href":"https:\/\/tiendaflex.ec\/en\/wp-json\/wp\/v2\/product_tag?post=16376"}],"curies":[{"name":"wp","href":"https:\/\/api.w.org\/{rel}","templated":true}]}}