{"id":16342,"date":"2025-04-07T19:52:25","date_gmt":"2025-04-08T00:52:25","guid":{"rendered":"https:\/\/tiendaflex.ec\/?post_type=product&#038;p=16342"},"modified":"2026-02-24T08:19:53","modified_gmt":"2026-02-24T13:19:53","slug":"ind-rai-420-aspiradora-indurama","status":"publish","type":"product","link":"https:\/\/tiendaflex.ec\/en\/product\/ind-rai-420-aspiradora-indurama\/","title":{"rendered":"IND RAI-420 &#8211; Aspiradora Indurama"},"content":{"rendered":"","protected":false},"excerpt":{"rendered":"<p>Limpieza sin esfuerzo con la aspiradora robot inteligente IND RAI-420 de Indurama. Dise\u00f1ada para adaptarse a diferentes superficies, su avanzada tecnolog\u00eda de navegaci\u00f3n permite un recorrido eficiente, evitando obst\u00e1culos y optimizando la limpieza. Con su potente succi\u00f3n y autonom\u00eda prolongada, es ideal para mantener tu hogar impecable con solo presionar un bot\u00f3n.<\/p>\n<ul>\n<li>Marca: INDURAMA<\/li>\n<\/ul>\n<p>\ud83d\udcde Cont\u00e1ctanos: +593984123231<\/p>","protected":false},"featured_media":16343,"comment_status":"open","ping_status":"closed","template":"","meta":{"_acf_changed":false},"product_brand":[],"product_cat":[549,594],"product_tag":[],"class_list":{"0":"post-16342","1":"product","2":"type-product","3":"status-publish","4":"has-post-thumbnail","6":"product_cat-electrodomesticos","7":"product_cat-electromenores","9":"first","10":"outofstock","11":"sale","12":"taxable","13":"shipping-taxable","14":"purchasable","15":"product-type-simple"},"acf":[],"_links":{"self":[{"href":"https:\/\/tiendaflex.ec\/en\/wp-json\/wp\/v2\/product\/16342","targetHints":{"allow":["GET"]}}],"collection":[{"href":"https:\/\/tiendaflex.ec\/en\/wp-json\/wp\/v2\/product"}],"about":[{"href":"https:\/\/tiendaflex.ec\/en\/wp-json\/wp\/v2\/types\/product"}],"replies":[{"embeddable":true,"href":"https:\/\/tiendaflex.ec\/en\/wp-json\/wp\/v2\/comments?post=16342"}],"version-history":[{"count":2,"href":"https:\/\/tiendaflex.ec\/en\/wp-json\/wp\/v2\/product\/16342\/revisions"}],"predecessor-version":[{"id":23494,"href":"https:\/\/tiendaflex.ec\/en\/wp-json\/wp\/v2\/product\/16342\/revisions\/23494"}],"wp:featuredmedia":[{"embeddable":true,"href":"https:\/\/tiendaflex.ec\/en\/wp-json\/wp\/v2\/media\/16343"}],"wp:attachment":[{"href":"https:\/\/tiendaflex.ec\/en\/wp-json\/wp\/v2\/media?parent=16342"}],"wp:term":[{"taxonomy":"product_brand","embeddable":true,"href":"https:\/\/tiendaflex.ec\/en\/wp-json\/wp\/v2\/product_brand?post=16342"},{"taxonomy":"product_cat","embeddable":true,"href":"https:\/\/tiendaflex.ec\/en\/wp-json\/wp\/v2\/product_cat?post=16342"},{"taxonomy":"product_tag","embeddable":true,"href":"https:\/\/tiendaflex.ec\/en\/wp-json\/wp\/v2\/product_tag?post=16342"}],"curies":[{"name":"wp","href":"https:\/\/api.w.org\/{rel}","templated":true}]}}