{"id":16293,"date":"2025-04-07T19:09:36","date_gmt":"2025-04-08T00:09:36","guid":{"rendered":"https:\/\/tiendaflex.ec\/?post_type=product&#038;p=16293"},"modified":"2025-04-15T22:13:38","modified_gmt":"2025-04-16T03:13:38","slug":"ds-kis603-p-kit-de-video-portero-hikvision","status":"publish","type":"product","link":"https:\/\/tiendaflex.ec\/en\/product\/ds-kis603-p-kit-de-video-portero-hikvision\/","title":{"rendered":"DS-KIS603-P &#8211; Kit de Video Portero Hikvision"},"content":{"rendered":"","protected":false},"excerpt":{"rendered":"<p>El kit de video portero Hikvision DS-KIS603-P es la soluci\u00f3n ideal para aumentar la seguridad de tu hogar o empresa. Con una c\u00e1mara de alta definici\u00f3n, intercomunicador bidireccional y un dise\u00f1o moderno, este sistema te permite ver y comunicarte con quienes se encuentran en la entrada sin tener que abrir la puerta.<\/p>\n<p>Caracter\u00edsticas:<br \/>\n\ud83d\udcf9 C\u00e1mara de alta definici\u00f3n para una visi\u00f3n clara y n\u00edtida<br \/>\n\ud83d\udd0a Intercomunicador bidireccional para hablar con los visitantes<br \/>\n\ud83d\udca1 Visi\u00f3n nocturna para seguridad 24\/7<br \/>\n\ud83d\udcf1 Compatible con aplicaciones m\u00f3viles para mayor comodidad<br \/>\n\ud83d\udd12 Funci\u00f3n de control remoto para abrir puertas de forma segura<\/p>\n<p>Este kit es perfecto para quienes buscan una soluci\u00f3n integral de seguridad con tecnolog\u00eda avanzada y f\u00e1cil instalaci\u00f3n. Mant\u00e9n tu hogar o negocio seguro con Hikvision.<\/p>\n<p>\ud83d\udcde Cont\u00e1ctanos: +593984123231<\/p>","protected":false},"featured_media":16297,"comment_status":"open","ping_status":"closed","template":"","meta":{"_acf_changed":false},"product_brand":[],"product_cat":[593,547],"product_tag":[],"class_list":{"0":"post-16293","1":"product","2":"type-product","3":"status-publish","4":"has-post-thumbnail","6":"product_cat-control-de-accesos","7":"product_cat-tecnologia-del-hogar","9":"first","10":"instock","11":"sale","12":"taxable","13":"shipping-taxable","14":"purchasable","15":"product-type-simple"},"acf":[],"_links":{"self":[{"href":"https:\/\/tiendaflex.ec\/en\/wp-json\/wp\/v2\/product\/16293","targetHints":{"allow":["GET"]}}],"collection":[{"href":"https:\/\/tiendaflex.ec\/en\/wp-json\/wp\/v2\/product"}],"about":[{"href":"https:\/\/tiendaflex.ec\/en\/wp-json\/wp\/v2\/types\/product"}],"replies":[{"embeddable":true,"href":"https:\/\/tiendaflex.ec\/en\/wp-json\/wp\/v2\/comments?post=16293"}],"version-history":[{"count":2,"href":"https:\/\/tiendaflex.ec\/en\/wp-json\/wp\/v2\/product\/16293\/revisions"}],"predecessor-version":[{"id":16298,"href":"https:\/\/tiendaflex.ec\/en\/wp-json\/wp\/v2\/product\/16293\/revisions\/16298"}],"wp:featuredmedia":[{"embeddable":true,"href":"https:\/\/tiendaflex.ec\/en\/wp-json\/wp\/v2\/media\/16297"}],"wp:attachment":[{"href":"https:\/\/tiendaflex.ec\/en\/wp-json\/wp\/v2\/media?parent=16293"}],"wp:term":[{"taxonomy":"product_brand","embeddable":true,"href":"https:\/\/tiendaflex.ec\/en\/wp-json\/wp\/v2\/product_brand?post=16293"},{"taxonomy":"product_cat","embeddable":true,"href":"https:\/\/tiendaflex.ec\/en\/wp-json\/wp\/v2\/product_cat?post=16293"},{"taxonomy":"product_tag","embeddable":true,"href":"https:\/\/tiendaflex.ec\/en\/wp-json\/wp\/v2\/product_tag?post=16293"}],"curies":[{"name":"wp","href":"https:\/\/api.w.org\/{rel}","templated":true}]}}