{"id":16281,"date":"2025-04-07T19:00:15","date_gmt":"2025-04-08T00:00:15","guid":{"rendered":"https:\/\/tiendaflex.ec\/?post_type=product&#038;p=16281"},"modified":"2025-04-15T22:13:38","modified_gmt":"2025-04-16T03:13:38","slug":"stryker-125-2025-tvs","status":"publish","type":"product","link":"https:\/\/tiendaflex.ec\/en\/product\/stryker-125-2025-tvs\/","title":{"rendered":"Stryker 125 &#8211; 2025 TVS"},"content":{"rendered":"","protected":false},"excerpt":{"rendered":"<p>La TVS Stryker 125 combina potencia y dise\u00f1o con su motor Ecothrust de 10.9 HP, ofreciendo el mejor rendimiento en su clase. Con suspensi\u00f3n de doble resorte y freno a disco tipo p\u00e9talo de 240 mm, garantiza comodidad y seguridad en cualquier terreno.<\/p>\n<p>Su luz trasera LED y veloc\u00edmetro digital con retroiluminaci\u00f3n blanca a\u00f1aden un toque de estilo y tecnolog\u00eda, asegurando una experiencia de conducci\u00f3n \u00fanica.<\/p>\n<p>\ud83d\udcde Cont\u00e1ctanos: +593984123231<\/p>","protected":false},"featured_media":16285,"comment_status":"open","ping_status":"closed","template":"","meta":{"_acf_changed":false},"product_brand":[],"product_cat":[546,578],"product_tag":[],"class_list":{"0":"post-16281","1":"product","2":"type-product","3":"status-publish","4":"has-post-thumbnail","6":"product_cat-motocicletas","7":"product_cat-tvs","9":"first","10":"instock","11":"sale","12":"taxable","13":"shipping-taxable","14":"purchasable","15":"product-type-variable"},"acf":[],"_links":{"self":[{"href":"https:\/\/tiendaflex.ec\/en\/wp-json\/wp\/v2\/product\/16281","targetHints":{"allow":["GET"]}}],"collection":[{"href":"https:\/\/tiendaflex.ec\/en\/wp-json\/wp\/v2\/product"}],"about":[{"href":"https:\/\/tiendaflex.ec\/en\/wp-json\/wp\/v2\/types\/product"}],"replies":[{"embeddable":true,"href":"https:\/\/tiendaflex.ec\/en\/wp-json\/wp\/v2\/comments?post=16281"}],"version-history":[{"count":1,"href":"https:\/\/tiendaflex.ec\/en\/wp-json\/wp\/v2\/product\/16281\/revisions"}],"predecessor-version":[{"id":16288,"href":"https:\/\/tiendaflex.ec\/en\/wp-json\/wp\/v2\/product\/16281\/revisions\/16288"}],"wp:featuredmedia":[{"embeddable":true,"href":"https:\/\/tiendaflex.ec\/en\/wp-json\/wp\/v2\/media\/16285"}],"wp:attachment":[{"href":"https:\/\/tiendaflex.ec\/en\/wp-json\/wp\/v2\/media?parent=16281"}],"wp:term":[{"taxonomy":"product_brand","embeddable":true,"href":"https:\/\/tiendaflex.ec\/en\/wp-json\/wp\/v2\/product_brand?post=16281"},{"taxonomy":"product_cat","embeddable":true,"href":"https:\/\/tiendaflex.ec\/en\/wp-json\/wp\/v2\/product_cat?post=16281"},{"taxonomy":"product_tag","embeddable":true,"href":"https:\/\/tiendaflex.ec\/en\/wp-json\/wp\/v2\/product_tag?post=16281"}],"curies":[{"name":"wp","href":"https:\/\/api.w.org\/{rel}","templated":true}]}}