{"id":16273,"date":"2025-04-07T18:51:18","date_gmt":"2025-04-07T23:51:18","guid":{"rendered":"https:\/\/tiendaflex.ec\/?post_type=product&#038;p=16273"},"modified":"2026-02-19T17:39:07","modified_gmt":"2026-02-19T22:39:07","slug":"suave-brisa-chaide-chaide","status":"publish","type":"product","link":"https:\/\/tiendaflex.ec\/en\/product\/suave-brisa-chaide-chaide\/","title":{"rendered":"Suave Brisa &#8211; Chaide &#038; Chaide."},"content":{"rendered":"","protected":false},"excerpt":{"rendered":"<p>Dise\u00f1ado para ofrecer una experiencia de descanso excepcional, el colch\u00f3n Suave Brisa combina un soporte ideal con una sensaci\u00f3n de suavidad \u00fanica. Su estructura interna de resortes garantiza estabilidad y durabilidad, mientras que su acolchado de alta calidad te envuelve en un descanso profundo. \u00a1Ideal para quienes buscan un sue\u00f1o reparador con un toque de lujo!<\/p>\n<p>\ud83d\udcde Cont\u00e1ctanos: +593984123231<\/p>","protected":false},"featured_media":16274,"comment_status":"open","ping_status":"closed","template":"","meta":{"_acf_changed":false},"product_brand":[],"product_cat":[543],"product_tag":[],"class_list":{"0":"post-16273","1":"product","2":"type-product","3":"status-publish","4":"has-post-thumbnail","6":"product_cat-colchones","8":"first","9":"instock","10":"sale","11":"taxable","12":"shipping-taxable","13":"purchasable","14":"product-type-variable"},"acf":[],"_links":{"self":[{"href":"https:\/\/tiendaflex.ec\/en\/wp-json\/wp\/v2\/product\/16273","targetHints":{"allow":["GET"]}}],"collection":[{"href":"https:\/\/tiendaflex.ec\/en\/wp-json\/wp\/v2\/product"}],"about":[{"href":"https:\/\/tiendaflex.ec\/en\/wp-json\/wp\/v2\/types\/product"}],"replies":[{"embeddable":true,"href":"https:\/\/tiendaflex.ec\/en\/wp-json\/wp\/v2\/comments?post=16273"}],"version-history":[{"count":2,"href":"https:\/\/tiendaflex.ec\/en\/wp-json\/wp\/v2\/product\/16273\/revisions"}],"predecessor-version":[{"id":16280,"href":"https:\/\/tiendaflex.ec\/en\/wp-json\/wp\/v2\/product\/16273\/revisions\/16280"}],"wp:featuredmedia":[{"embeddable":true,"href":"https:\/\/tiendaflex.ec\/en\/wp-json\/wp\/v2\/media\/16274"}],"wp:attachment":[{"href":"https:\/\/tiendaflex.ec\/en\/wp-json\/wp\/v2\/media?parent=16273"}],"wp:term":[{"taxonomy":"product_brand","embeddable":true,"href":"https:\/\/tiendaflex.ec\/en\/wp-json\/wp\/v2\/product_brand?post=16273"},{"taxonomy":"product_cat","embeddable":true,"href":"https:\/\/tiendaflex.ec\/en\/wp-json\/wp\/v2\/product_cat?post=16273"},{"taxonomy":"product_tag","embeddable":true,"href":"https:\/\/tiendaflex.ec\/en\/wp-json\/wp\/v2\/product_tag?post=16273"}],"curies":[{"name":"wp","href":"https:\/\/api.w.org\/{rel}","templated":true}]}}