{"id":16231,"date":"2025-04-05T00:49:57","date_gmt":"2025-04-05T05:49:57","guid":{"rendered":"https:\/\/tiendaflex.ec\/?post_type=product&#038;p=16231"},"modified":"2025-04-15T22:39:11","modified_gmt":"2025-04-16T03:39:11","slug":"tnt-15-2025-benelli","status":"publish","type":"product","link":"https:\/\/tiendaflex.ec\/en\/product\/tnt-15-2025-benelli\/","title":{"rendered":"TNT 15 &#8211; 2025 BENELLI"},"content":{"rendered":"","protected":false},"excerpt":{"rendered":"<p>Ideal para nuevos pilotos, la TNT 15 ofrece una experiencia de conducci\u00f3n confiable, c\u00f3moda y segura.<\/p>\n<p>Caracter\u00edsticas:<br \/>\nMotor: 1 cilindro, 148 cc, refrigerado por aire<br \/>\nPotencia: 9 kW a 8000 r\/min<br \/>\nTorque: 11 N\u00b7m\/6500 r\/min<br \/>\nTransmisi\u00f3n: 5 velocidades<br \/>\nFrenos: Disco delantero y tambor trasero<br \/>\nSuspensi\u00f3n: Telesc\u00f3pica al frente y amortiguador \u00fanico trasero<br \/>\nPeso seco: 125 kg<br \/>\n\u00a1Prep\u00e1rate para disfrutar de cada viaje con la Benelli TNT 15! \ud83c\udfc1\ud83d\udca8<\/p>\n<p>\ud83d\udcde Cont\u00e1ctanos: +593984123231<\/p>","protected":false},"featured_media":16236,"comment_status":"open","ping_status":"closed","template":"","meta":{"_acf_changed":false},"product_brand":[],"product_cat":[599,546],"product_tag":[],"class_list":{"0":"post-16231","1":"product","2":"type-product","3":"status-publish","4":"has-post-thumbnail","6":"product_cat-benelli","7":"product_cat-motocicletas","9":"first","10":"instock","11":"sale","12":"taxable","13":"shipping-taxable","14":"purchasable","15":"product-type-variable"},"acf":[],"_links":{"self":[{"href":"https:\/\/tiendaflex.ec\/en\/wp-json\/wp\/v2\/product\/16231","targetHints":{"allow":["GET"]}}],"collection":[{"href":"https:\/\/tiendaflex.ec\/en\/wp-json\/wp\/v2\/product"}],"about":[{"href":"https:\/\/tiendaflex.ec\/en\/wp-json\/wp\/v2\/types\/product"}],"replies":[{"embeddable":true,"href":"https:\/\/tiendaflex.ec\/en\/wp-json\/wp\/v2\/comments?post=16231"}],"version-history":[{"count":2,"href":"https:\/\/tiendaflex.ec\/en\/wp-json\/wp\/v2\/product\/16231\/revisions"}],"predecessor-version":[{"id":16239,"href":"https:\/\/tiendaflex.ec\/en\/wp-json\/wp\/v2\/product\/16231\/revisions\/16239"}],"wp:featuredmedia":[{"embeddable":true,"href":"https:\/\/tiendaflex.ec\/en\/wp-json\/wp\/v2\/media\/16236"}],"wp:attachment":[{"href":"https:\/\/tiendaflex.ec\/en\/wp-json\/wp\/v2\/media?parent=16231"}],"wp:term":[{"taxonomy":"product_brand","embeddable":true,"href":"https:\/\/tiendaflex.ec\/en\/wp-json\/wp\/v2\/product_brand?post=16231"},{"taxonomy":"product_cat","embeddable":true,"href":"https:\/\/tiendaflex.ec\/en\/wp-json\/wp\/v2\/product_cat?post=16231"},{"taxonomy":"product_tag","embeddable":true,"href":"https:\/\/tiendaflex.ec\/en\/wp-json\/wp\/v2\/product_tag?post=16231"}],"curies":[{"name":"wp","href":"https:\/\/api.w.org\/{rel}","templated":true}]}}