{"id":16213,"date":"2025-04-05T00:19:25","date_gmt":"2025-04-05T05:19:25","guid":{"rendered":"https:\/\/tiendaflex.ec\/?post_type=product&#038;p=16213"},"modified":"2026-02-25T13:15:25","modified_gmt":"2026-02-25T18:15:25","slug":"zapper-de-insectos-18v-one-ryobi","status":"publish","type":"product","link":"https:\/\/tiendaflex.ec\/en\/product\/zapper-de-insectos-18v-one-ryobi\/","title":{"rendered":"Zapper de Insectos 18V \u2013 One+ | Ryobi"},"content":{"rendered":"","protected":false},"excerpt":{"rendered":"<p>Di adi\u00f3s a los insectos de manera efectiva con el Zapper de Insectos RYOBI 18V ONE+. Este dispositivo port\u00e1til, parte del sistema RYOBI ONE+, ofrece una soluci\u00f3n c\u00f3moda y poderosa para eliminar insectos con luz UV, ideal para exteriores y zonas de alto tr\u00e1fico. \u00a1Disfruta de un ambiente m\u00e1s limpio y libre de insectos!<\/p>\n<p>Caracter\u00edsticas:<\/p>\n<ul>\n<li>Marca: RYOBI<\/li>\n<\/ul>\n<p>\ud83d\udca1 Tubo de luz UV interno para atraer insectos<br \/>\n\ud83c\udf1f Luces LED externas para iluminar el \u00e1rea cercana<br \/>\n\ud83e\uddf9 Bandeja extra\u00edble para desechar f\u00e1cilmente los insectos<br \/>\n\ud83d\udd0b Bater\u00eda y cargador se venden por separado<\/p>\n<p>\ud83d\udcde Cont\u00e1ctanos: +593984123231<\/p>","protected":false},"featured_media":16214,"comment_status":"open","ping_status":"closed","template":"","meta":{"_acf_changed":false},"product_brand":[],"product_cat":[544,679],"product_tag":[],"class_list":{"0":"post-16213","1":"product","2":"type-product","3":"status-publish","4":"has-post-thumbnail","6":"product_cat-agricultura-e-industria","7":"product_cat-fumigadoras","9":"first","10":"instock","11":"sale","12":"taxable","13":"shipping-taxable","14":"purchasable","15":"product-type-simple"},"acf":[],"_links":{"self":[{"href":"https:\/\/tiendaflex.ec\/en\/wp-json\/wp\/v2\/product\/16213","targetHints":{"allow":["GET"]}}],"collection":[{"href":"https:\/\/tiendaflex.ec\/en\/wp-json\/wp\/v2\/product"}],"about":[{"href":"https:\/\/tiendaflex.ec\/en\/wp-json\/wp\/v2\/types\/product"}],"replies":[{"embeddable":true,"href":"https:\/\/tiendaflex.ec\/en\/wp-json\/wp\/v2\/comments?post=16213"}],"version-history":[{"count":2,"href":"https:\/\/tiendaflex.ec\/en\/wp-json\/wp\/v2\/product\/16213\/revisions"}],"predecessor-version":[{"id":23333,"href":"https:\/\/tiendaflex.ec\/en\/wp-json\/wp\/v2\/product\/16213\/revisions\/23333"}],"wp:featuredmedia":[{"embeddable":true,"href":"https:\/\/tiendaflex.ec\/en\/wp-json\/wp\/v2\/media\/16214"}],"wp:attachment":[{"href":"https:\/\/tiendaflex.ec\/en\/wp-json\/wp\/v2\/media?parent=16213"}],"wp:term":[{"taxonomy":"product_brand","embeddable":true,"href":"https:\/\/tiendaflex.ec\/en\/wp-json\/wp\/v2\/product_brand?post=16213"},{"taxonomy":"product_cat","embeddable":true,"href":"https:\/\/tiendaflex.ec\/en\/wp-json\/wp\/v2\/product_cat?post=16213"},{"taxonomy":"product_tag","embeddable":true,"href":"https:\/\/tiendaflex.ec\/en\/wp-json\/wp\/v2\/product_tag?post=16213"}],"curies":[{"name":"wp","href":"https:\/\/api.w.org\/{rel}","templated":true}]}}