{"id":16209,"date":"2025-04-05T00:15:40","date_gmt":"2025-04-05T05:15:40","guid":{"rendered":"https:\/\/tiendaflex.ec\/?post_type=product&#038;p=16209"},"modified":"2025-04-15T22:39:11","modified_gmt":"2025-04-16T03:39:11","slug":"kit-de-4-camaras-1080p-hikvision","status":"publish","type":"product","link":"https:\/\/tiendaflex.ec\/en\/product\/kit-de-4-camaras-1080p-hikvision\/","title":{"rendered":"Kit de 4 C\u00e1maras 1080P \u2013 Hikvision"},"content":{"rendered":"","protected":false},"excerpt":{"rendered":"<p>Mant\u00e9n la seguridad en tu casa o negocio con este completo sistema de c\u00e1maras de vigilancia. Hikvision ofrece un kit que te permite monitorear todo desde tu PC o celular, sin importar en d\u00f3nde te encuentres, de manera f\u00e1cil y gratuita. Aprovecha el precio promocional para pagos en efectivo o transferencia.<\/p>\n<p>Caracter\u00edsticas:<\/p>\n<p>Resoluci\u00f3n: 1080P para im\u00e1genes claras y n\u00edtidas<br \/>\nConexi\u00f3n remota: Control y monitoreo desde tu PC o celular<br \/>\nComposici\u00f3n:<br \/>\n1 DVR 4ch + 2CH IP<br \/>\n2 c\u00e1maras domo 1080P (pl\u00e1stico)<br \/>\n2 c\u00e1maras tubo 1080P (pl\u00e1stico)<br \/>\n4 pares de video balun<br \/>\n4 fuentes de 12V 1A<br \/>\nNo incluye: Disco duro ni cable UTP<\/p>\n<p>\ud83d\udcde Cont\u00e1ctanos: +593984123231<\/p>","protected":false},"featured_media":16210,"comment_status":"open","ping_status":"closed","template":"","meta":{"_acf_changed":false},"product_brand":[],"product_cat":[584,547],"product_tag":[],"class_list":{"0":"post-16209","1":"product","2":"type-product","3":"status-publish","4":"has-post-thumbnail","6":"product_cat-camaras","7":"product_cat-tecnologia-del-hogar","9":"first","10":"instock","11":"sale","12":"taxable","13":"shipping-taxable","14":"purchasable","15":"product-type-simple"},"acf":[],"_links":{"self":[{"href":"https:\/\/tiendaflex.ec\/en\/wp-json\/wp\/v2\/product\/16209","targetHints":{"allow":["GET"]}}],"collection":[{"href":"https:\/\/tiendaflex.ec\/en\/wp-json\/wp\/v2\/product"}],"about":[{"href":"https:\/\/tiendaflex.ec\/en\/wp-json\/wp\/v2\/types\/product"}],"replies":[{"embeddable":true,"href":"https:\/\/tiendaflex.ec\/en\/wp-json\/wp\/v2\/comments?post=16209"}],"version-history":[{"count":2,"href":"https:\/\/tiendaflex.ec\/en\/wp-json\/wp\/v2\/product\/16209\/revisions"}],"predecessor-version":[{"id":16212,"href":"https:\/\/tiendaflex.ec\/en\/wp-json\/wp\/v2\/product\/16209\/revisions\/16212"}],"wp:featuredmedia":[{"embeddable":true,"href":"https:\/\/tiendaflex.ec\/en\/wp-json\/wp\/v2\/media\/16210"}],"wp:attachment":[{"href":"https:\/\/tiendaflex.ec\/en\/wp-json\/wp\/v2\/media?parent=16209"}],"wp:term":[{"taxonomy":"product_brand","embeddable":true,"href":"https:\/\/tiendaflex.ec\/en\/wp-json\/wp\/v2\/product_brand?post=16209"},{"taxonomy":"product_cat","embeddable":true,"href":"https:\/\/tiendaflex.ec\/en\/wp-json\/wp\/v2\/product_cat?post=16209"},{"taxonomy":"product_tag","embeddable":true,"href":"https:\/\/tiendaflex.ec\/en\/wp-json\/wp\/v2\/product_tag?post=16209"}],"curies":[{"name":"wp","href":"https:\/\/api.w.org\/{rel}","templated":true}]}}