{"id":16190,"date":"2025-04-04T23:48:36","date_gmt":"2025-04-05T04:48:36","guid":{"rendered":"https:\/\/tiendaflex.ec\/?post_type=product&#038;p=16190"},"modified":"2025-09-17T12:35:14","modified_gmt":"2025-09-17T17:35:14","slug":"kit-destornillador-de-impacto-18v-1-4-one-ryobi","status":"publish","type":"product","link":"https:\/\/tiendaflex.ec\/en\/product\/kit-destornillador-de-impacto-18v-1-4-one-ryobi\/","title":{"rendered":"Kit Destornillador de Impacto 18V 1\/4&#8243; \u2013 One+ | Ryobi"},"content":{"rendered":"","protected":false},"excerpt":{"rendered":"<p>Este destornillador de impacto Ryobi 18V ONE+ es ideal para cualquier proyecto, proporcionando hasta 1,800 in-lbs de torque y hasta 3,400 IPM para una conducci\u00f3n r\u00e1pida y eficiente. Con un collet de conexi\u00f3n r\u00e1pida de 1\/4&#8243;, podr\u00e1s cambiar las brocas f\u00e1cilmente.<\/p>\n<ul>\n<li>Marca RYOBI<\/li>\n<\/ul>\n<p>Caracter\u00edsticas:<\/p>\n<ul>\n<li>Motor potente: 1,800 in-lb de torque<\/li>\n<li>Conexi\u00f3n r\u00e1pida: Collet de 1\/4&#8243; para cambios f\u00e1ciles<\/li>\n<li>Luces LED: Visibilidad adicional para trabajos en lugares oscuros<\/li>\n<li>Bater\u00eda: Incluye bater\u00eda de iones de litio ONE+ 1.5Ah con indicador de combustible<\/li>\n<li>Compatibilidad: Cargador 18V compatible con bater\u00edas RYOBI ONE+<\/li>\n<\/ul>\n<p>Contenido del kit:<\/p>\n<ul>\n<li>1 Destornillador de Impacto Ryobi 18V PCL235 1\/4&#8243;<\/li>\n<li>2 Bater\u00edas de iones de litio PBP002 18V 1.5Ah<\/li>\n<li>1 Cargador 18V<\/li>\n<li>Manual del operador<\/li>\n<\/ul>\n<p>\ud83d\udcde Cont\u00e1ctanos: +593984123231<\/p>","protected":false},"featured_media":16191,"comment_status":"open","ping_status":"closed","template":"","meta":{"_acf_changed":false},"product_brand":[],"product_cat":[544,595],"product_tag":[],"class_list":{"0":"post-16190","1":"product","2":"type-product","3":"status-publish","4":"has-post-thumbnail","6":"product_cat-agricultura-e-industria","7":"product_cat-atornilladores-y-destornilladores","9":"first","10":"instock","11":"sale","12":"taxable","13":"shipping-taxable","14":"purchasable","15":"product-type-simple"},"acf":[],"_links":{"self":[{"href":"https:\/\/tiendaflex.ec\/en\/wp-json\/wp\/v2\/product\/16190","targetHints":{"allow":["GET"]}}],"collection":[{"href":"https:\/\/tiendaflex.ec\/en\/wp-json\/wp\/v2\/product"}],"about":[{"href":"https:\/\/tiendaflex.ec\/en\/wp-json\/wp\/v2\/types\/product"}],"replies":[{"embeddable":true,"href":"https:\/\/tiendaflex.ec\/en\/wp-json\/wp\/v2\/comments?post=16190"}],"version-history":[{"count":4,"href":"https:\/\/tiendaflex.ec\/en\/wp-json\/wp\/v2\/product\/16190\/revisions"}],"predecessor-version":[{"id":23255,"href":"https:\/\/tiendaflex.ec\/en\/wp-json\/wp\/v2\/product\/16190\/revisions\/23255"}],"wp:featuredmedia":[{"embeddable":true,"href":"https:\/\/tiendaflex.ec\/en\/wp-json\/wp\/v2\/media\/16191"}],"wp:attachment":[{"href":"https:\/\/tiendaflex.ec\/en\/wp-json\/wp\/v2\/media?parent=16190"}],"wp:term":[{"taxonomy":"product_brand","embeddable":true,"href":"https:\/\/tiendaflex.ec\/en\/wp-json\/wp\/v2\/product_brand?post=16190"},{"taxonomy":"product_cat","embeddable":true,"href":"https:\/\/tiendaflex.ec\/en\/wp-json\/wp\/v2\/product_cat?post=16190"},{"taxonomy":"product_tag","embeddable":true,"href":"https:\/\/tiendaflex.ec\/en\/wp-json\/wp\/v2\/product_tag?post=16190"}],"curies":[{"name":"wp","href":"https:\/\/api.w.org\/{rel}","templated":true}]}}