{"id":16171,"date":"2025-04-04T23:31:07","date_gmt":"2025-04-05T04:31:07","guid":{"rendered":"https:\/\/tiendaflex.ec\/?post_type=product&#038;p=16171"},"modified":"2025-04-15T22:39:04","modified_gmt":"2025-04-16T03:39:04","slug":"rk-150-2024-keeway","status":"publish","type":"product","link":"https:\/\/tiendaflex.ec\/en\/product\/rk-150-2024-keeway\/","title":{"rendered":"RK 150 &#8211; 2024 KEEWAY"},"content":{"rendered":"","protected":false},"excerpt":{"rendered":"<p>La Keeway RK 150 es una moto de calle dise\u00f1ada para quienes buscan rendimiento y comodidad en el d\u00eda a d\u00eda. Con su motor de 149.7cc y 9.2 kW de potencia, ofrece una conducci\u00f3n \u00e1gil y eficiente, ideal para la ciudad.<\/p>\n<p>\ud83d\udcde Cont\u00e1ctanos: +593984123231<\/p>","protected":false},"featured_media":16172,"comment_status":"open","ping_status":"closed","template":"","meta":{"_acf_changed":false},"product_brand":[],"product_cat":[607,546],"product_tag":[],"class_list":{"0":"post-16171","1":"product","2":"type-product","3":"status-publish","4":"has-post-thumbnail","6":"product_cat-keeway","7":"product_cat-motocicletas","9":"first","10":"instock","11":"sale","12":"taxable","13":"shipping-taxable","14":"purchasable","15":"product-type-variable"},"acf":[],"_links":{"self":[{"href":"https:\/\/tiendaflex.ec\/en\/wp-json\/wp\/v2\/product\/16171","targetHints":{"allow":["GET"]}}],"collection":[{"href":"https:\/\/tiendaflex.ec\/en\/wp-json\/wp\/v2\/product"}],"about":[{"href":"https:\/\/tiendaflex.ec\/en\/wp-json\/wp\/v2\/types\/product"}],"replies":[{"embeddable":true,"href":"https:\/\/tiendaflex.ec\/en\/wp-json\/wp\/v2\/comments?post=16171"}],"version-history":[{"count":2,"href":"https:\/\/tiendaflex.ec\/en\/wp-json\/wp\/v2\/product\/16171\/revisions"}],"predecessor-version":[{"id":16179,"href":"https:\/\/tiendaflex.ec\/en\/wp-json\/wp\/v2\/product\/16171\/revisions\/16179"}],"wp:featuredmedia":[{"embeddable":true,"href":"https:\/\/tiendaflex.ec\/en\/wp-json\/wp\/v2\/media\/16172"}],"wp:attachment":[{"href":"https:\/\/tiendaflex.ec\/en\/wp-json\/wp\/v2\/media?parent=16171"}],"wp:term":[{"taxonomy":"product_brand","embeddable":true,"href":"https:\/\/tiendaflex.ec\/en\/wp-json\/wp\/v2\/product_brand?post=16171"},{"taxonomy":"product_cat","embeddable":true,"href":"https:\/\/tiendaflex.ec\/en\/wp-json\/wp\/v2\/product_cat?post=16171"},{"taxonomy":"product_tag","embeddable":true,"href":"https:\/\/tiendaflex.ec\/en\/wp-json\/wp\/v2\/product_tag?post=16171"}],"curies":[{"name":"wp","href":"https:\/\/api.w.org\/{rel}","templated":true}]}}