{"id":16162,"date":"2025-04-04T23:23:38","date_gmt":"2025-04-05T04:23:38","guid":{"rendered":"https:\/\/tiendaflex.ec\/?post_type=product&#038;p=16162"},"modified":"2025-06-03T23:12:41","modified_gmt":"2025-06-04T04:12:41","slug":"titanium-chaide-chaide","status":"publish","type":"product","link":"https:\/\/tiendaflex.ec\/en\/product\/titanium-chaide-chaide\/","title":{"rendered":"Titanium \u2013 Chaide &#038; Chaide"},"content":{"rendered":"","protected":false},"excerpt":{"rendered":"<p>Descansa como nunca con el Colch\u00f3n Titanium, dise\u00f1ado para brindar el soporte perfecto y una comodidad inigualable. Su tecnolog\u00eda de alta calidad garantiza un sue\u00f1o profundo y reparador.<br \/>\n\u2728 Beneficios del Colch\u00f3n Titanium:<br \/>\n\u2705 Materiales de alta calidad y durabilidad.<br \/>\n\u2705 Dise\u00f1o transpirable que regula la temperatura.<\/p>\n<p>\ud83d\udcde Cont\u00e1ctanos y haz tu pedido: +593984123231<\/p>","protected":false},"featured_media":16163,"comment_status":"open","ping_status":"closed","template":"","meta":{"_acf_changed":false},"product_brand":[],"product_cat":[543],"product_tag":[],"class_list":{"0":"post-16162","1":"product","2":"type-product","3":"status-publish","4":"has-post-thumbnail","6":"product_cat-colchones","8":"first","9":"instock","10":"sale","11":"taxable","12":"shipping-taxable","13":"purchasable","14":"product-type-variable"},"acf":[],"_links":{"self":[{"href":"https:\/\/tiendaflex.ec\/en\/wp-json\/wp\/v2\/product\/16162","targetHints":{"allow":["GET"]}}],"collection":[{"href":"https:\/\/tiendaflex.ec\/en\/wp-json\/wp\/v2\/product"}],"about":[{"href":"https:\/\/tiendaflex.ec\/en\/wp-json\/wp\/v2\/types\/product"}],"replies":[{"embeddable":true,"href":"https:\/\/tiendaflex.ec\/en\/wp-json\/wp\/v2\/comments?post=16162"}],"version-history":[{"count":2,"href":"https:\/\/tiendaflex.ec\/en\/wp-json\/wp\/v2\/product\/16162\/revisions"}],"predecessor-version":[{"id":19153,"href":"https:\/\/tiendaflex.ec\/en\/wp-json\/wp\/v2\/product\/16162\/revisions\/19153"}],"wp:featuredmedia":[{"embeddable":true,"href":"https:\/\/tiendaflex.ec\/en\/wp-json\/wp\/v2\/media\/16163"}],"wp:attachment":[{"href":"https:\/\/tiendaflex.ec\/en\/wp-json\/wp\/v2\/media?parent=16162"}],"wp:term":[{"taxonomy":"product_brand","embeddable":true,"href":"https:\/\/tiendaflex.ec\/en\/wp-json\/wp\/v2\/product_brand?post=16162"},{"taxonomy":"product_cat","embeddable":true,"href":"https:\/\/tiendaflex.ec\/en\/wp-json\/wp\/v2\/product_cat?post=16162"},{"taxonomy":"product_tag","embeddable":true,"href":"https:\/\/tiendaflex.ec\/en\/wp-json\/wp\/v2\/product_tag?post=16162"}],"curies":[{"name":"wp","href":"https:\/\/api.w.org\/{rel}","templated":true}]}}