{"id":16150,"date":"2025-04-04T23:13:45","date_gmt":"2025-04-05T04:13:45","guid":{"rendered":"https:\/\/tiendaflex.ec\/?post_type=product&#038;p=16150"},"modified":"2025-06-03T23:19:12","modified_gmt":"2025-06-04T04:19:12","slug":"seaqual-chaide-chaide","status":"publish","type":"product","link":"https:\/\/tiendaflex.ec\/en\/product\/seaqual-chaide-chaide\/","title":{"rendered":"Seaqual \u2013 Chaide &#038; Chaide"},"content":{"rendered":"","protected":false},"excerpt":{"rendered":"<p>\ud83c\udf0a Duerme con comodidad y cuida el planeta con el Colch\u00f3n Seaqual de Chaide &amp; Chaide. Fabricado con materiales reciclados provenientes del oc\u00e9ano, este colch\u00f3n combina innovaci\u00f3n, confort y sostenibilidad para ofrecerte el mejor descanso.<\/p>\n<p>\u2728 Beneficios del Colch\u00f3n Seaqual:<br \/>\n\u2705 Tecnolog\u00eda ecol\u00f3gica con tejidos reciclados.<br \/>\n\u2705 Alta durabilidad y resistencia.<br \/>\n\u2705 Dise\u00f1o transpirable para una mejor ventilaci\u00f3n.<\/p>\n<p>\ud83d\udcde Cont\u00e1ctanos y realiza tu pedido: +593984123231<\/p>","protected":false},"featured_media":16151,"comment_status":"open","ping_status":"closed","template":"","meta":{"_acf_changed":false},"product_brand":[],"product_cat":[543],"product_tag":[],"class_list":{"0":"post-16150","1":"product","2":"type-product","3":"status-publish","4":"has-post-thumbnail","6":"product_cat-colchones","8":"first","9":"instock","10":"sale","11":"taxable","12":"shipping-taxable","13":"purchasable","14":"product-type-variable"},"acf":[],"_links":{"self":[{"href":"https:\/\/tiendaflex.ec\/en\/wp-json\/wp\/v2\/product\/16150","targetHints":{"allow":["GET"]}}],"collection":[{"href":"https:\/\/tiendaflex.ec\/en\/wp-json\/wp\/v2\/product"}],"about":[{"href":"https:\/\/tiendaflex.ec\/en\/wp-json\/wp\/v2\/types\/product"}],"replies":[{"embeddable":true,"href":"https:\/\/tiendaflex.ec\/en\/wp-json\/wp\/v2\/comments?post=16150"}],"version-history":[{"count":2,"href":"https:\/\/tiendaflex.ec\/en\/wp-json\/wp\/v2\/product\/16150\/revisions"}],"predecessor-version":[{"id":19155,"href":"https:\/\/tiendaflex.ec\/en\/wp-json\/wp\/v2\/product\/16150\/revisions\/19155"}],"wp:featuredmedia":[{"embeddable":true,"href":"https:\/\/tiendaflex.ec\/en\/wp-json\/wp\/v2\/media\/16151"}],"wp:attachment":[{"href":"https:\/\/tiendaflex.ec\/en\/wp-json\/wp\/v2\/media?parent=16150"}],"wp:term":[{"taxonomy":"product_brand","embeddable":true,"href":"https:\/\/tiendaflex.ec\/en\/wp-json\/wp\/v2\/product_brand?post=16150"},{"taxonomy":"product_cat","embeddable":true,"href":"https:\/\/tiendaflex.ec\/en\/wp-json\/wp\/v2\/product_cat?post=16150"},{"taxonomy":"product_tag","embeddable":true,"href":"https:\/\/tiendaflex.ec\/en\/wp-json\/wp\/v2\/product_tag?post=16150"}],"curies":[{"name":"wp","href":"https:\/\/api.w.org\/{rel}","templated":true}]}}