{"id":16146,"date":"2025-04-04T23:07:17","date_gmt":"2025-04-05T04:07:17","guid":{"rendered":"https:\/\/tiendaflex.ec\/?post_type=product&#038;p=16146"},"modified":"2025-04-15T22:38:56","modified_gmt":"2025-04-16T03:38:56","slug":"sofa-reclinable-houston","status":"publish","type":"product","link":"https:\/\/tiendaflex.ec\/en\/product\/sofa-reclinable-houston\/","title":{"rendered":"Sof\u00e1 Reclinable Houston"},"content":{"rendered":"","protected":false},"excerpt":{"rendered":"<p>\u2705 Sof\u00e1 reclinable de dise\u00f1o moderno para tu sala, c\u00f3modo y funcional.<br \/>\n\u2705 Ideal para descansar y disfrutar de momentos de confort.<\/p>\n<p>\ud83d\udcde Consulta y haz tu pedido ahora: +593984123231<\/p>","protected":false},"featured_media":16147,"comment_status":"open","ping_status":"closed","template":"","meta":{"_acf_changed":false},"product_brand":[],"product_cat":[542,604],"product_tag":[],"class_list":{"0":"post-16146","1":"product","2":"type-product","3":"status-publish","4":"has-post-thumbnail","6":"product_cat-muebles","7":"product_cat-sofas","9":"first","10":"instock","11":"sale","12":"taxable","13":"shipping-taxable","14":"purchasable","15":"product-type-simple"},"acf":[],"_links":{"self":[{"href":"https:\/\/tiendaflex.ec\/en\/wp-json\/wp\/v2\/product\/16146","targetHints":{"allow":["GET"]}}],"collection":[{"href":"https:\/\/tiendaflex.ec\/en\/wp-json\/wp\/v2\/product"}],"about":[{"href":"https:\/\/tiendaflex.ec\/en\/wp-json\/wp\/v2\/types\/product"}],"replies":[{"embeddable":true,"href":"https:\/\/tiendaflex.ec\/en\/wp-json\/wp\/v2\/comments?post=16146"}],"version-history":[{"count":2,"href":"https:\/\/tiendaflex.ec\/en\/wp-json\/wp\/v2\/product\/16146\/revisions"}],"predecessor-version":[{"id":16149,"href":"https:\/\/tiendaflex.ec\/en\/wp-json\/wp\/v2\/product\/16146\/revisions\/16149"}],"wp:featuredmedia":[{"embeddable":true,"href":"https:\/\/tiendaflex.ec\/en\/wp-json\/wp\/v2\/media\/16147"}],"wp:attachment":[{"href":"https:\/\/tiendaflex.ec\/en\/wp-json\/wp\/v2\/media?parent=16146"}],"wp:term":[{"taxonomy":"product_brand","embeddable":true,"href":"https:\/\/tiendaflex.ec\/en\/wp-json\/wp\/v2\/product_brand?post=16146"},{"taxonomy":"product_cat","embeddable":true,"href":"https:\/\/tiendaflex.ec\/en\/wp-json\/wp\/v2\/product_cat?post=16146"},{"taxonomy":"product_tag","embeddable":true,"href":"https:\/\/tiendaflex.ec\/en\/wp-json\/wp\/v2\/product_tag?post=16146"}],"curies":[{"name":"wp","href":"https:\/\/api.w.org\/{rel}","templated":true}]}}