{"id":16137,"date":"2025-04-04T22:57:25","date_gmt":"2025-04-05T03:57:25","guid":{"rendered":"https:\/\/tiendaflex.ec\/?post_type=product&#038;p=16137"},"modified":"2025-04-15T22:38:56","modified_gmt":"2025-04-16T03:38:56","slug":"apache-rtr-160-4v-fi-tvs","status":"publish","type":"product","link":"https:\/\/tiendaflex.ec\/en\/product\/apache-rtr-160-4v-fi-tvs\/","title":{"rendered":"Apache RTR 160 4V FI &#8211; TVS"},"content":{"rendered":"","protected":false},"excerpt":{"rendered":"<p>\ud83c\udfcd\ufe0f La Apache RTR 160 4V rompe los l\u00edmites del rendimiento con tecnolog\u00eda de punta, brind\u00e1ndote una experiencia de conducci\u00f3n emocionante y segura. Equipada con modos de manejo, SmartXonnect y un dise\u00f1o agresivo, es la moto ideal para dominar la pista y la ciudad.<\/p>\n<p>\ud83d\udcde Cont\u00e1ctanos: +593984123231<\/p>","protected":false},"featured_media":16140,"comment_status":"open","ping_status":"closed","template":"","meta":{"_acf_changed":false},"product_brand":[],"product_cat":[546,578],"product_tag":[],"class_list":{"0":"post-16137","1":"product","2":"type-product","3":"status-publish","4":"has-post-thumbnail","6":"product_cat-motocicletas","7":"product_cat-tvs","9":"first","10":"instock","11":"sale","12":"taxable","13":"shipping-taxable","14":"purchasable","15":"product-type-variable"},"acf":[],"_links":{"self":[{"href":"https:\/\/tiendaflex.ec\/en\/wp-json\/wp\/v2\/product\/16137","targetHints":{"allow":["GET"]}}],"collection":[{"href":"https:\/\/tiendaflex.ec\/en\/wp-json\/wp\/v2\/product"}],"about":[{"href":"https:\/\/tiendaflex.ec\/en\/wp-json\/wp\/v2\/types\/product"}],"replies":[{"embeddable":true,"href":"https:\/\/tiendaflex.ec\/en\/wp-json\/wp\/v2\/comments?post=16137"}],"version-history":[{"count":1,"href":"https:\/\/tiendaflex.ec\/en\/wp-json\/wp\/v2\/product\/16137\/revisions"}],"predecessor-version":[{"id":16144,"href":"https:\/\/tiendaflex.ec\/en\/wp-json\/wp\/v2\/product\/16137\/revisions\/16144"}],"wp:featuredmedia":[{"embeddable":true,"href":"https:\/\/tiendaflex.ec\/en\/wp-json\/wp\/v2\/media\/16140"}],"wp:attachment":[{"href":"https:\/\/tiendaflex.ec\/en\/wp-json\/wp\/v2\/media?parent=16137"}],"wp:term":[{"taxonomy":"product_brand","embeddable":true,"href":"https:\/\/tiendaflex.ec\/en\/wp-json\/wp\/v2\/product_brand?post=16137"},{"taxonomy":"product_cat","embeddable":true,"href":"https:\/\/tiendaflex.ec\/en\/wp-json\/wp\/v2\/product_cat?post=16137"},{"taxonomy":"product_tag","embeddable":true,"href":"https:\/\/tiendaflex.ec\/en\/wp-json\/wp\/v2\/product_tag?post=16137"}],"curies":[{"name":"wp","href":"https:\/\/api.w.org\/{rel}","templated":true}]}}