{"id":16124,"date":"2025-04-04T01:07:09","date_gmt":"2025-04-04T06:07:09","guid":{"rendered":"https:\/\/tiendaflex.ec\/?post_type=product&#038;p=16124"},"modified":"2025-09-10T16:12:54","modified_gmt":"2025-09-10T21:12:54","slug":"egi-905vdne-encimera-a-gas","status":"publish","type":"product","link":"https:\/\/tiendaflex.ec\/en\/product\/egi-905vdne-encimera-a-gas\/","title":{"rendered":"EGI-905VDNE &#8211; Encimera a Gas"},"content":{"rendered":"","protected":false},"excerpt":{"rendered":"<p>\ud83c\udfe1 M\u00e1xima potencia y seguridad para tu cocina. La Encimera a Gas EGI-905VDNE est\u00e1 dise\u00f1ada para ofrecerte eficiencia, rapidez y seguridad, con un dise\u00f1o elegante en vidrio templado UltraClear Glass negro<\/p>\n<ul>\n<li>Marca: INDURAMA<\/li>\n<\/ul>\n<p>\ud83d\udd39 Caracter\u00edsticas principales:<br \/>\n\u2705 5 quemadores SABAF\u00ae para una distribuci\u00f3n uniforme del calor.<br \/>\n\u2705 Quemador triple corona ultra-r\u00e1pido para mayor eficiencia.<br \/>\n\u2705 Sistema de combusti\u00f3n con quemadores sellados para mayor seguridad.<br \/>\n\u2705 V\u00e1lvulas corta-gas que evitan fugas inesperadas.<br \/>\n\u2705 Encendido directo desde las perillas para un uso m\u00e1s pr\u00e1ctico.<br \/>\n\u2705 Parrillas de hierro fundido para mayor estabilidad y durabilidad.<br \/>\n\u2705 Dise\u00f1o moderno en vidrio templado negro, resistente y f\u00e1cil de limpiar.<\/p>\n<p>Medidas del producto (Alt+Anch+Prof): 10 x 86 x 50 cm<\/p>\n<p>\ud83d\udcde Cont\u00e1ctanos y haz tu pedido: +593984123231<\/p>","protected":false},"featured_media":16125,"comment_status":"open","ping_status":"closed","template":"","meta":{"_acf_changed":false},"product_brand":[],"product_cat":[549,572],"product_tag":[],"class_list":{"0":"post-16124","1":"product","2":"type-product","3":"status-publish","4":"has-post-thumbnail","6":"product_cat-electrodomesticos","7":"product_cat-encimeras","9":"first","10":"instock","11":"sale","12":"taxable","13":"shipping-taxable","14":"purchasable","15":"product-type-simple"},"acf":[],"_links":{"self":[{"href":"https:\/\/tiendaflex.ec\/en\/wp-json\/wp\/v2\/product\/16124","targetHints":{"allow":["GET"]}}],"collection":[{"href":"https:\/\/tiendaflex.ec\/en\/wp-json\/wp\/v2\/product"}],"about":[{"href":"https:\/\/tiendaflex.ec\/en\/wp-json\/wp\/v2\/types\/product"}],"replies":[{"embeddable":true,"href":"https:\/\/tiendaflex.ec\/en\/wp-json\/wp\/v2\/comments?post=16124"}],"version-history":[{"count":3,"href":"https:\/\/tiendaflex.ec\/en\/wp-json\/wp\/v2\/product\/16124\/revisions"}],"predecessor-version":[{"id":23776,"href":"https:\/\/tiendaflex.ec\/en\/wp-json\/wp\/v2\/product\/16124\/revisions\/23776"}],"wp:featuredmedia":[{"embeddable":true,"href":"https:\/\/tiendaflex.ec\/en\/wp-json\/wp\/v2\/media\/16125"}],"wp:attachment":[{"href":"https:\/\/tiendaflex.ec\/en\/wp-json\/wp\/v2\/media?parent=16124"}],"wp:term":[{"taxonomy":"product_brand","embeddable":true,"href":"https:\/\/tiendaflex.ec\/en\/wp-json\/wp\/v2\/product_brand?post=16124"},{"taxonomy":"product_cat","embeddable":true,"href":"https:\/\/tiendaflex.ec\/en\/wp-json\/wp\/v2\/product_cat?post=16124"},{"taxonomy":"product_tag","embeddable":true,"href":"https:\/\/tiendaflex.ec\/en\/wp-json\/wp\/v2\/product_tag?post=16124"}],"curies":[{"name":"wp","href":"https:\/\/api.w.org\/{rel}","templated":true}]}}