{"id":16093,"date":"2025-04-04T00:49:27","date_gmt":"2025-04-04T05:49:27","guid":{"rendered":"https:\/\/tiendaflex.ec\/?post_type=product&#038;p=16093"},"modified":"2025-06-03T23:16:29","modified_gmt":"2025-06-04T04:16:29","slug":"grand-hotel-chaide-chaide","status":"publish","type":"product","link":"https:\/\/tiendaflex.ec\/en\/product\/grand-hotel-chaide-chaide\/","title":{"rendered":"Grand Hotel \u2013 Chaide &#038; Chaide"},"content":{"rendered":"","protected":false},"excerpt":{"rendered":"<p>\ud83d\udca4 Disfruta de un descanso excepcional con el Colch\u00f3n Grand Hotel, dise\u00f1ado con materiales de alta calidad para brindar soporte y comodidad inigualables. Su tecnolog\u00eda avanzada garantiza un sue\u00f1o profundo y reparador.<\/p>\n<p>\u2728 Beneficios del Colch\u00f3n Grand Hotel:<br \/>\n\u2705 Soporte \u00f3ptimo y gran durabilidad.<br \/>\n\u2705 Dise\u00f1o transpirable que regula la temperatura.<\/p>\n<p>\ud83d\udcde Cont\u00e1ctanos y haz tu pedido: +593984123231<\/p>","protected":false},"featured_media":16094,"comment_status":"open","ping_status":"closed","template":"","meta":{"_acf_changed":false},"product_brand":[],"product_cat":[543],"product_tag":[],"class_list":{"0":"post-16093","1":"product","2":"type-product","3":"status-publish","4":"has-post-thumbnail","6":"product_cat-colchones","8":"first","9":"instock","10":"sale","11":"taxable","12":"shipping-taxable","13":"purchasable","14":"product-type-variable"},"acf":[],"_links":{"self":[{"href":"https:\/\/tiendaflex.ec\/en\/wp-json\/wp\/v2\/product\/16093","targetHints":{"allow":["GET"]}}],"collection":[{"href":"https:\/\/tiendaflex.ec\/en\/wp-json\/wp\/v2\/product"}],"about":[{"href":"https:\/\/tiendaflex.ec\/en\/wp-json\/wp\/v2\/types\/product"}],"replies":[{"embeddable":true,"href":"https:\/\/tiendaflex.ec\/en\/wp-json\/wp\/v2\/comments?post=16093"}],"version-history":[{"count":2,"href":"https:\/\/tiendaflex.ec\/en\/wp-json\/wp\/v2\/product\/16093\/revisions"}],"predecessor-version":[{"id":19154,"href":"https:\/\/tiendaflex.ec\/en\/wp-json\/wp\/v2\/product\/16093\/revisions\/19154"}],"wp:featuredmedia":[{"embeddable":true,"href":"https:\/\/tiendaflex.ec\/en\/wp-json\/wp\/v2\/media\/16094"}],"wp:attachment":[{"href":"https:\/\/tiendaflex.ec\/en\/wp-json\/wp\/v2\/media?parent=16093"}],"wp:term":[{"taxonomy":"product_brand","embeddable":true,"href":"https:\/\/tiendaflex.ec\/en\/wp-json\/wp\/v2\/product_brand?post=16093"},{"taxonomy":"product_cat","embeddable":true,"href":"https:\/\/tiendaflex.ec\/en\/wp-json\/wp\/v2\/product_cat?post=16093"},{"taxonomy":"product_tag","embeddable":true,"href":"https:\/\/tiendaflex.ec\/en\/wp-json\/wp\/v2\/product_tag?post=16093"}],"curies":[{"name":"wp","href":"https:\/\/api.w.org\/{rel}","templated":true}]}}