{"id":16050,"date":"2025-04-03T23:59:05","date_gmt":"2025-04-04T04:59:05","guid":{"rendered":"https:\/\/tiendaflex.ec\/?post_type=product&#038;p=16050"},"modified":"2026-02-24T09:54:37","modified_gmt":"2026-02-24T14:54:37","slug":"lri-19dgr-lavadora-automatica-19kg-croma","status":"publish","type":"product","link":"https:\/\/tiendaflex.ec\/en\/product\/lri-19dgr-lavadora-automatica-19kg-croma\/","title":{"rendered":"LRI-19DGR &#8211; Lavadora Autom\u00e1tica 19KG Croma"},"content":{"rendered":"","protected":false},"excerpt":{"rendered":"<p>Renueva tu hogar con la Lavadora Autom\u00e1tica 19Kg Croma | LRI-19DGR, dise\u00f1ada para hacer el lavado m\u00e1s eficiente y conveniente. Con una tapa de vidrio transparente y tecnolog\u00eda anti-enredo, ofrece resultados impecables con facilidad.<\/p>\n<ul>\n<li>Alto: 108,5 cm<\/li>\n<li>Ancho: 64 cm<\/li>\n<li>Prof.: 68,4 cm<\/li>\n<\/ul>\n<ul>\n<li>Marca: INDURAMA<\/li>\n<\/ul>\n<p>\ud83d\udcde Cont\u00e1ctanos: +593984123231<\/p>","protected":false},"featured_media":16051,"comment_status":"open","ping_status":"closed","template":"","meta":{"_acf_changed":false},"product_brand":[],"product_cat":[549,602],"product_tag":[],"class_list":{"0":"post-16050","1":"product","2":"type-product","3":"status-publish","4":"has-post-thumbnail","6":"product_cat-electrodomesticos","7":"product_cat-lavadoras","9":"first","10":"instock","11":"sale","12":"taxable","13":"shipping-taxable","14":"purchasable","15":"product-type-simple"},"acf":[],"_links":{"self":[{"href":"https:\/\/tiendaflex.ec\/en\/wp-json\/wp\/v2\/product\/16050","targetHints":{"allow":["GET"]}}],"collection":[{"href":"https:\/\/tiendaflex.ec\/en\/wp-json\/wp\/v2\/product"}],"about":[{"href":"https:\/\/tiendaflex.ec\/en\/wp-json\/wp\/v2\/types\/product"}],"replies":[{"embeddable":true,"href":"https:\/\/tiendaflex.ec\/en\/wp-json\/wp\/v2\/comments?post=16050"}],"version-history":[{"count":3,"href":"https:\/\/tiendaflex.ec\/en\/wp-json\/wp\/v2\/product\/16050\/revisions"}],"predecessor-version":[{"id":23785,"href":"https:\/\/tiendaflex.ec\/en\/wp-json\/wp\/v2\/product\/16050\/revisions\/23785"}],"wp:featuredmedia":[{"embeddable":true,"href":"https:\/\/tiendaflex.ec\/en\/wp-json\/wp\/v2\/media\/16051"}],"wp:attachment":[{"href":"https:\/\/tiendaflex.ec\/en\/wp-json\/wp\/v2\/media?parent=16050"}],"wp:term":[{"taxonomy":"product_brand","embeddable":true,"href":"https:\/\/tiendaflex.ec\/en\/wp-json\/wp\/v2\/product_brand?post=16050"},{"taxonomy":"product_cat","embeddable":true,"href":"https:\/\/tiendaflex.ec\/en\/wp-json\/wp\/v2\/product_cat?post=16050"},{"taxonomy":"product_tag","embeddable":true,"href":"https:\/\/tiendaflex.ec\/en\/wp-json\/wp\/v2\/product_tag?post=16050"}],"curies":[{"name":"wp","href":"https:\/\/api.w.org\/{rel}","templated":true}]}}