{"id":16039,"date":"2025-04-03T23:49:09","date_gmt":"2025-04-04T04:49:09","guid":{"rendered":"https:\/\/tiendaflex.ec\/?post_type=product&#038;p=16039"},"modified":"2025-04-15T22:38:42","modified_gmt":"2025-04-16T03:38:42","slug":"cerradura-inteligente-wifi-con-camara-tuya-smart-maadok","status":"publish","type":"product","link":"https:\/\/tiendaflex.ec\/en\/product\/cerradura-inteligente-wifi-con-camara-tuya-smart-maadok\/","title":{"rendered":"Cerradura Inteligente WiFi con C\u00e1mara \u2013 Tuya Smart | Maadok"},"content":{"rendered":"","protected":false},"excerpt":{"rendered":"<p>\u00a1La seguridad de tu hogar al alcance de tu mano! Aprovecha nuestras MEGAS OFERTAS y adquiere la Cerradura Inteligente Wifi Tuya Smart con c\u00e1mara y 5 m\u00e9todos de apertura. Perfecta para mantener tu hogar protegido con tecnolog\u00eda avanzada. \ud83c\udfe1\ud83d\udd10<\/p>\n<p>\ud83d\udcde Cont\u00e1ctanos: +593984123231<\/p>","protected":false},"featured_media":16041,"comment_status":"open","ping_status":"closed","template":"","meta":{"_acf_changed":false},"product_brand":[],"product_cat":[592,547],"product_tag":[],"class_list":{"0":"post-16039","1":"product","2":"type-product","3":"status-publish","4":"has-post-thumbnail","6":"product_cat-cerraduras","7":"product_cat-tecnologia-del-hogar","9":"first","10":"instock","11":"sale","12":"taxable","13":"shipping-taxable","14":"purchasable","15":"product-type-simple"},"acf":[],"_links":{"self":[{"href":"https:\/\/tiendaflex.ec\/en\/wp-json\/wp\/v2\/product\/16039","targetHints":{"allow":["GET"]}}],"collection":[{"href":"https:\/\/tiendaflex.ec\/en\/wp-json\/wp\/v2\/product"}],"about":[{"href":"https:\/\/tiendaflex.ec\/en\/wp-json\/wp\/v2\/types\/product"}],"replies":[{"embeddable":true,"href":"https:\/\/tiendaflex.ec\/en\/wp-json\/wp\/v2\/comments?post=16039"}],"version-history":[{"count":2,"href":"https:\/\/tiendaflex.ec\/en\/wp-json\/wp\/v2\/product\/16039\/revisions"}],"predecessor-version":[{"id":16043,"href":"https:\/\/tiendaflex.ec\/en\/wp-json\/wp\/v2\/product\/16039\/revisions\/16043"}],"wp:featuredmedia":[{"embeddable":true,"href":"https:\/\/tiendaflex.ec\/en\/wp-json\/wp\/v2\/media\/16041"}],"wp:attachment":[{"href":"https:\/\/tiendaflex.ec\/en\/wp-json\/wp\/v2\/media?parent=16039"}],"wp:term":[{"taxonomy":"product_brand","embeddable":true,"href":"https:\/\/tiendaflex.ec\/en\/wp-json\/wp\/v2\/product_brand?post=16039"},{"taxonomy":"product_cat","embeddable":true,"href":"https:\/\/tiendaflex.ec\/en\/wp-json\/wp\/v2\/product_cat?post=16039"},{"taxonomy":"product_tag","embeddable":true,"href":"https:\/\/tiendaflex.ec\/en\/wp-json\/wp\/v2\/product_tag?post=16039"}],"curies":[{"name":"wp","href":"https:\/\/api.w.org\/{rel}","templated":true}]}}