{"id":16020,"date":"2025-04-03T23:35:06","date_gmt":"2025-04-04T04:35:06","guid":{"rendered":"https:\/\/tiendaflex.ec\/?post_type=product&#038;p=16020"},"modified":"2026-02-19T17:52:03","modified_gmt":"2026-02-19T22:52:03","slug":"continental-non-flip-chaide-chaide","status":"publish","type":"product","link":"https:\/\/tiendaflex.ec\/en\/product\/continental-non-flip-chaide-chaide\/","title":{"rendered":"Continental Non Flip &#8211; Chaide &#038; Chaide"},"content":{"rendered":"","protected":false},"excerpt":{"rendered":"<p>\u00a1Descansa como te mereces con el colch\u00f3n Chaide Continental Non Flip! Con una tecnolog\u00eda de \u00faltima generaci\u00f3n para un sue\u00f1o reparador y una comodidad inigualable.<\/p>\n<p>Caracter\u00edsticas:<\/p>\n<p>Modelo Non Flip: No es necesario voltear el colch\u00f3n, lo que lo hace mucho m\u00e1s c\u00f3modo. \ud83d\udca4<\/p>\n<p>Dise\u00f1o Continental: Ofrece un soporte ideal para tu cuerpo. \ud83d\ude34<br \/>\nComodidad: Perfecto para quienes buscan un descanso reparador. \ud83c\udf1fPrecios en efectivo:<\/p>\n<p>\ud83d\udcde Cont\u00e1ctanos: +593984123231<\/p>","protected":false},"featured_media":16021,"comment_status":"open","ping_status":"closed","template":"","meta":{"_acf_changed":false},"product_brand":[],"product_cat":[543],"product_tag":[],"class_list":{"0":"post-16020","1":"product","2":"type-product","3":"status-publish","4":"has-post-thumbnail","6":"product_cat-colchones","8":"first","9":"instock","10":"sale","11":"taxable","12":"shipping-taxable","13":"purchasable","14":"product-type-variable"},"acf":[],"_links":{"self":[{"href":"https:\/\/tiendaflex.ec\/en\/wp-json\/wp\/v2\/product\/16020","targetHints":{"allow":["GET"]}}],"collection":[{"href":"https:\/\/tiendaflex.ec\/en\/wp-json\/wp\/v2\/product"}],"about":[{"href":"https:\/\/tiendaflex.ec\/en\/wp-json\/wp\/v2\/types\/product"}],"replies":[{"embeddable":true,"href":"https:\/\/tiendaflex.ec\/en\/wp-json\/wp\/v2\/comments?post=16020"}],"version-history":[{"count":3,"href":"https:\/\/tiendaflex.ec\/en\/wp-json\/wp\/v2\/product\/16020\/revisions"}],"predecessor-version":[{"id":26325,"href":"https:\/\/tiendaflex.ec\/en\/wp-json\/wp\/v2\/product\/16020\/revisions\/26325"}],"wp:featuredmedia":[{"embeddable":true,"href":"https:\/\/tiendaflex.ec\/en\/wp-json\/wp\/v2\/media\/16021"}],"wp:attachment":[{"href":"https:\/\/tiendaflex.ec\/en\/wp-json\/wp\/v2\/media?parent=16020"}],"wp:term":[{"taxonomy":"product_brand","embeddable":true,"href":"https:\/\/tiendaflex.ec\/en\/wp-json\/wp\/v2\/product_brand?post=16020"},{"taxonomy":"product_cat","embeddable":true,"href":"https:\/\/tiendaflex.ec\/en\/wp-json\/wp\/v2\/product_cat?post=16020"},{"taxonomy":"product_tag","embeddable":true,"href":"https:\/\/tiendaflex.ec\/en\/wp-json\/wp\/v2\/product_tag?post=16020"}],"curies":[{"name":"wp","href":"https:\/\/api.w.org\/{rel}","templated":true}]}}