{"id":16016,"date":"2025-04-03T23:26:53","date_gmt":"2025-04-04T04:26:53","guid":{"rendered":"https:\/\/tiendaflex.ec\/?post_type=product&#038;p=16016"},"modified":"2026-02-24T11:41:33","modified_gmt":"2026-02-24T16:41:33","slug":"ei-4pvi80d-encimera-a-induccion-4-inductores","status":"publish","type":"product","link":"https:\/\/tiendaflex.ec\/en\/product\/ei-4pvi80d-encimera-a-induccion-4-inductores\/","title":{"rendered":"EI-4PVI80D &#8211; Encimera a Inducci\u00f3n 4 Inductores"},"content":{"rendered":"","protected":false},"excerpt":{"rendered":"<p>Disfruta de la Encimera a Inducci\u00f3n 4 Inductores de Indurama, dise\u00f1ada para ofrecerte una cocci\u00f3n r\u00e1pida y eficiente. Con 9 niveles de potencia, funci\u00f3n Duozone y una vitrocer\u00e1mica f\u00e1cil de limpiar, es perfecta para adaptarse a tus espacios y necesidades.<\/p>\n<p><b>Dimensiones:\u00a0<\/b>52<strong>\u00a0<\/strong>cm de largo x 78 cm de\u00a0ancho x 6 cm de alto.<\/p>\n<ul>\n<li>Marca: INDURAMA<\/li>\n<\/ul>\n<p>\ud83d\udcde Cont\u00e1ctanos: +593984123231<\/p>","protected":false},"featured_media":16017,"comment_status":"open","ping_status":"closed","template":"","meta":{"_acf_changed":false},"product_brand":[],"product_cat":[549,572],"product_tag":[],"class_list":{"0":"post-16016","1":"product","2":"type-product","3":"status-publish","4":"has-post-thumbnail","6":"product_cat-electrodomesticos","7":"product_cat-encimeras","9":"first","10":"instock","11":"sale","12":"taxable","13":"shipping-taxable","14":"purchasable","15":"product-type-simple"},"acf":[],"_links":{"self":[{"href":"https:\/\/tiendaflex.ec\/en\/wp-json\/wp\/v2\/product\/16016","targetHints":{"allow":["GET"]}}],"collection":[{"href":"https:\/\/tiendaflex.ec\/en\/wp-json\/wp\/v2\/product"}],"about":[{"href":"https:\/\/tiendaflex.ec\/en\/wp-json\/wp\/v2\/types\/product"}],"replies":[{"embeddable":true,"href":"https:\/\/tiendaflex.ec\/en\/wp-json\/wp\/v2\/comments?post=16016"}],"version-history":[{"count":3,"href":"https:\/\/tiendaflex.ec\/en\/wp-json\/wp\/v2\/product\/16016\/revisions"}],"predecessor-version":[{"id":23777,"href":"https:\/\/tiendaflex.ec\/en\/wp-json\/wp\/v2\/product\/16016\/revisions\/23777"}],"wp:featuredmedia":[{"embeddable":true,"href":"https:\/\/tiendaflex.ec\/en\/wp-json\/wp\/v2\/media\/16017"}],"wp:attachment":[{"href":"https:\/\/tiendaflex.ec\/en\/wp-json\/wp\/v2\/media?parent=16016"}],"wp:term":[{"taxonomy":"product_brand","embeddable":true,"href":"https:\/\/tiendaflex.ec\/en\/wp-json\/wp\/v2\/product_brand?post=16016"},{"taxonomy":"product_cat","embeddable":true,"href":"https:\/\/tiendaflex.ec\/en\/wp-json\/wp\/v2\/product_cat?post=16016"},{"taxonomy":"product_tag","embeddable":true,"href":"https:\/\/tiendaflex.ec\/en\/wp-json\/wp\/v2\/product_tag?post=16016"}],"curies":[{"name":"wp","href":"https:\/\/api.w.org\/{rel}","templated":true}]}}